{"id":945,"date":"2024-01-19T22:47:38","date_gmt":"2024-01-20T01:47:38","guid":{"rendered":"https:\/\/sialat2024.com.br\/?page_id=945"},"modified":"2024-01-19T22:47:39","modified_gmt":"2024-01-20T01:47:39","slug":"submissao-de-minicursos-2","status":"publish","type":"page","link":"https:\/\/sialat2024.com.br\/index.php\/submissao-de-minicursos-2\/","title":{"rendered":"Submiss\u00e3o de Minicursos"},"content":{"rendered":"\n<p><strong>Chamada para a proposi\u00e7\u00e3o de Minicursos<\/strong><\/p>\n\n\n\n<p>Os minicursos propostos ao V SIALAT devem dialogar com os temas abordados no \u00e2mbito do evento.<\/p>\n\n\n\n<p>As propostas ser\u00e3o avaliadas de acordo com sua originalidade, relev\u00e2ncia, apresenta\u00e7\u00e3o e afinidade com o p\u00fablico-alvo.<\/p>\n\n\n\n<p><strong>Prazo final para inscri\u00e7\u00e3o<\/strong>: 10 de mar\u00e7o de 2024.<\/p>\n\n\n\n<p><strong>Acesse o formul\u00e1rio de inscri\u00e7\u00e3o <a href=\"https:\/\/docs.google.com\/forms\/d\/e\/1FAIpQLSejZkZK2GNNa8nbCRxnaWSfqszPq_AbxkjQiPi02TYOE9C1FQ\/viewform\" target=\"_blank\" rel=\"noreferrer noopener\">AQUI<\/a><\/strong><\/p>\n\n\n\n<p><strong>Outras informa\u00e7\u00f5es importantes:<\/strong><br>&#8211; Ser\u00e3o aceitas propostas em portugu\u00eas, espanhol e ingl\u00eas.<br>&#8211; Titula\u00e7\u00e3o necess\u00e1ria para o\/a coordenador\/a: doutorado.<br>&#8211; Titula\u00e7\u00e3o m\u00ednima para ministrantes: mestrando\/a.<br>&#8211; Os minicursos ser\u00e3o distribu\u00eddos de acordo com a programa\u00e7\u00e3o e disponibilidade de salas\/hor\u00e1rios do V SIALAT, e ser\u00e3o presenciais.<br>&#8211; Os minicursos aceitos para compor o evento dever\u00e3o enviar programa resumido das sess\u00f5es do curso, em data a ser informada na ocasi\u00e3o da divulga\u00e7\u00e3o do resultado.<br>&#8211; O evento disponibilizar\u00e1 sala com data show e computador para a realiza\u00e7\u00e3o da atividade.<\/p>\n","protected":false},"excerpt":{"rendered":"<p>Chamada para a proposi\u00e7\u00e3o de Minicursos Os minicursos propostos ao V SIALAT devem dialogar com os temas abordados no \u00e2mbito do evento. As propostas ser\u00e3o avaliadas de acordo com sua originalidade, relev\u00e2ncia, apresenta\u00e7\u00e3o e afinidade com o p\u00fablico-alvo. Prazo final&hellip; <\/p>\n","protected":false},"author":1,"featured_media":0,"parent":0,"menu_order":0,"comment_status":"closed","ping_status":"closed","template":"","meta":{"_acf_changed":false,"footnotes":""},"acf":[],"jetpack_sharing_enabled":true,"jetpack-related-posts":[],"_links":{"self":[{"href":"https:\/\/sialat2024.com.br\/index.php\/wp-json\/wp\/v2\/pages\/945"}],"collection":[{"href":"https:\/\/sialat2024.com.br\/index.php\/wp-json\/wp\/v2\/pages"}],"about":[{"href":"https:\/\/sialat2024.com.br\/index.php\/wp-json\/wp\/v2\/types\/page"}],"author":[{"embeddable":true,"href":"https:\/\/sialat2024.com.br\/index.php\/wp-json\/wp\/v2\/users\/1"}],"replies":[{"embeddable":true,"href":"https:\/\/sialat2024.com.br\/index.php\/wp-json\/wp\/v2\/comments?post=945"}],"version-history":[{"count":1,"href":"https:\/\/sialat2024.com.br\/index.php\/wp-json\/wp\/v2\/pages\/945\/revisions"}],"predecessor-version":[{"id":946,"href":"https:\/\/sialat2024.com.br\/index.php\/wp-json\/wp\/v2\/pages\/945\/revisions\/946"}],"wp:attachment":[{"href":"https:\/\/sialat2024.com.br\/index.php\/wp-json\/wp\/v2\/media?parent=945"}],"curies":[{"name":"wp","href":"https:\/\/api.w.org\/{rel}","templated":true}]}}