{"id":941,"date":"2024-01-18T19:07:00","date_gmt":"2024-01-18T22:07:00","guid":{"rendered":"https:\/\/sialat2024.com.br\/?page_id=941"},"modified":"2024-04-01T11:31:10","modified_gmt":"2024-04-01T14:31:10","slug":"inscricao-para-lancamento-de-livros","status":"publish","type":"page","link":"https:\/\/sialat2024.com.br\/index.php\/inscricao-para-lancamento-de-livros\/","title":{"rendered":"Inscri\u00e7\u00e3o para Lan\u00e7amento de Livros"},"content":{"rendered":"\n<p><strong>Chamada para a Sess\u00e3o de Lan\u00e7amento de Livros<br><\/strong><br>O 5\u00ba Semin\u00e1rio Internacional Am\u00e9rica Latina e Caribe: conflitos e pol\u00edticas contempor\u00e2neas &#8211; SIALAT &#8211; ABYA AYLA comunica a abertura das inscri\u00e7\u00f5es para a sess\u00e3o de lan\u00e7amentos de livros, a ocorrer na modalidade presencial.<br><br><strong>Quem pode participar?<\/strong><br>Obras lan\u00e7adas em 2023, at\u00e9 abril de 2024.<br><br><strong>Prazo prorrogado para inscri\u00e7\u00e3o:<\/strong><br><strong>08 de abril de 2024.<\/strong><\/p>\n\n\n\n<p><a href=\"https:\/\/forms.gle\/6HDKtLTxQz3TG2VF7\" target=\"_blank\" rel=\"noreferrer noopener\">Clique Aqui<\/a> para fazer a sua Inscri\u00e7\u00e3o.<\/p>\n\n\n\n<p><\/p>\n","protected":false},"excerpt":{"rendered":"<p>Chamada para a Sess\u00e3o de Lan\u00e7amento de LivrosO 5\u00ba Semin\u00e1rio Internacional Am\u00e9rica Latina e Caribe: conflitos e pol\u00edticas contempor\u00e2neas &#8211; SIALAT &#8211; ABYA AYLA comunica a abertura das inscri\u00e7\u00f5es para a sess\u00e3o de lan\u00e7amentos de livros, a ocorrer na modalidade&hellip; <\/p>\n","protected":false},"author":1,"featured_media":0,"parent":0,"menu_order":0,"comment_status":"closed","ping_status":"closed","template":"","meta":{"_acf_changed":false,"footnotes":""},"acf":[],"jetpack_sharing_enabled":true,"jetpack-related-posts":[],"_links":{"self":[{"href":"https:\/\/sialat2024.com.br\/index.php\/wp-json\/wp\/v2\/pages\/941"}],"collection":[{"href":"https:\/\/sialat2024.com.br\/index.php\/wp-json\/wp\/v2\/pages"}],"about":[{"href":"https:\/\/sialat2024.com.br\/index.php\/wp-json\/wp\/v2\/types\/page"}],"author":[{"embeddable":true,"href":"https:\/\/sialat2024.com.br\/index.php\/wp-json\/wp\/v2\/users\/1"}],"replies":[{"embeddable":true,"href":"https:\/\/sialat2024.com.br\/index.php\/wp-json\/wp\/v2\/comments?post=941"}],"version-history":[{"count":3,"href":"https:\/\/sialat2024.com.br\/index.php\/wp-json\/wp\/v2\/pages\/941\/revisions"}],"predecessor-version":[{"id":1338,"href":"https:\/\/sialat2024.com.br\/index.php\/wp-json\/wp\/v2\/pages\/941\/revisions\/1338"}],"wp:attachment":[{"href":"https:\/\/sialat2024.com.br\/index.php\/wp-json\/wp\/v2\/media?parent=941"}],"curies":[{"name":"wp","href":"https:\/\/api.w.org\/{rel}","templated":true}]}}