{"id":751,"date":"2023-11-21T20:20:18","date_gmt":"2023-11-21T23:20:18","guid":{"rendered":"https:\/\/sialat2024.com.br\/?page_id=751"},"modified":"2024-01-28T13:04:25","modified_gmt":"2024-01-28T16:04:25","slug":"inscricao-tipo-1","status":"publish","type":"page","link":"https:\/\/sialat2024.com.br\/index.php\/inscricao-tipo-1\/","title":{"rendered":"Inscri\u00e7\u00e3o Tipo 1 &#8211; Paga"},"content":{"rendered":"\n<p>V Semin\u00e1rio Internacional Am\u00e9rica Latina<br>Datas: 24 \u00e0 26 de abril de 2024 (Grupos de Trabalho, Mesas Redondas, Confer\u00eancias, Rodas de Conversa)<br>Local: N\u00facleo de Altos Estudos Amaz\u00f4nicos Universidade Federal do Par\u00e1<br>Realiza\u00e7\u00e3o: GETTAM \/ N\u00facleo de Altos Estudos Amaz\u00f4nicos \/ UFPA<br><\/p>\n\n\n<div class=\"everest-forms\"><p class=\"everst-forms-form-disable-notice everest-forms-notice everest-forms-notice--info\">This form is disabled.<\/p><\/div>\n","protected":false},"excerpt":{"rendered":"<p>V Semin\u00e1rio Internacional Am\u00e9rica LatinaDatas: 24 \u00e0 26 de abril de 2024 (Grupos de Trabalho, Mesas Redondas, Confer\u00eancias, Rodas de Conversa)Local: N\u00facleo de Altos Estudos Amaz\u00f4nicos Universidade Federal do Par\u00e1Realiza\u00e7\u00e3o: GETTAM \/ N\u00facleo de Altos Estudos Amaz\u00f4nicos \/ UFPA<\/p>\n","protected":false},"author":1,"featured_media":0,"parent":0,"menu_order":0,"comment_status":"closed","ping_status":"closed","template":"","meta":{"_acf_changed":false,"footnotes":""},"acf":[],"jetpack_sharing_enabled":true,"jetpack-related-posts":[],"_links":{"self":[{"href":"https:\/\/sialat2024.com.br\/index.php\/wp-json\/wp\/v2\/pages\/751"}],"collection":[{"href":"https:\/\/sialat2024.com.br\/index.php\/wp-json\/wp\/v2\/pages"}],"about":[{"href":"https:\/\/sialat2024.com.br\/index.php\/wp-json\/wp\/v2\/types\/page"}],"author":[{"embeddable":true,"href":"https:\/\/sialat2024.com.br\/index.php\/wp-json\/wp\/v2\/users\/1"}],"replies":[{"embeddable":true,"href":"https:\/\/sialat2024.com.br\/index.php\/wp-json\/wp\/v2\/comments?post=751"}],"version-history":[{"count":6,"href":"https:\/\/sialat2024.com.br\/index.php\/wp-json\/wp\/v2\/pages\/751\/revisions"}],"predecessor-version":[{"id":966,"href":"https:\/\/sialat2024.com.br\/index.php\/wp-json\/wp\/v2\/pages\/751\/revisions\/966"}],"wp:attachment":[{"href":"https:\/\/sialat2024.com.br\/index.php\/wp-json\/wp\/v2\/media?parent=751"}],"curies":[{"name":"wp","href":"https:\/\/api.w.org\/{rel}","templated":true}]}}