{"id":707,"date":"2023-11-21T11:33:43","date_gmt":"2023-11-21T14:33:43","guid":{"rendered":"https:\/\/sialat2024.com.br\/?page_id=707"},"modified":"2024-04-05T10:19:38","modified_gmt":"2024-04-05T13:19:38","slug":"submissao-de-trabalhos","status":"publish","type":"page","link":"https:\/\/sialat2024.com.br\/index.php\/submissao-de-trabalhos\/","title":{"rendered":"Submiss\u00e3o de trabalhos"},"content":{"rendered":"\n<p><strong>Cronograma de Submiss\u00e3o de Resumos, Trabalhos Completos e Resumo de P\u00f4ster<\/strong><\/p>\n\n\n\n<figure class=\"wp-block-table\"><table><tbody><tr><td><strong>Atividades<\/strong><\/td><td><strong>Datas<\/strong><\/td><\/tr><tr><td>Submiss\u00e3o de resumos para <strong>GT\u2019s<\/strong><\/td><td><strong>At\u00e9 05\/02\/2024<\/strong><\/td><\/tr><tr><td>Submiss\u00e3o de resumos para <strong>P\u00f4ster<\/strong><\/td><td><strong>At\u00e9 05\/02\/204<\/strong><\/td><\/tr><tr><td>Divulga\u00e7\u00e3o do resultado dos resumos aprovados para GTs<\/td><td>29\/02\/2024<\/td><\/tr><tr><td>Divulga\u00e7\u00e3o do resultado dos resumos aprovados para P\u00f4ster<\/td><td>29\/02\/2024<\/td><\/tr><tr><td>Divulga\u00e7\u00e3o da Programa\u00e7\u00e3o dos GT\u2019s e P\u00f4steres no site<\/td><td>01\/03\/2024<\/td><\/tr><tr><td>Prazo para envio do artigo completo<\/td><td>10\/04\/2024<\/td><\/tr><tr><td>Apresenta\u00e7\u00e3o de trabalhos nos GT\u2019s<\/td><td>24 \u00e0 26\/04\/2024<\/td><\/tr><\/tbody><\/table><\/figure>\n\n\n\n<p>GRUPOS DE TRABALHO<\/p>\n\n\n\n<p>O V SIALAT cont\u00e9m em sua programa\u00e7\u00e3o, a realiza\u00e7\u00e3o de 8 Grupos de Trabalho<br>tem\u00e1ticos como um espa\u00e7o de troca de experi\u00eancias, resultados de pesquisa e di\u00e1logo<br>entre pesquisadores de diferentes forma\u00e7\u00f5es, pa\u00edses, regi\u00f5es e institui\u00e7\u00f5es. Espa\u00e7o ainda<br>para reflex\u00e3o sobre metodologias, novas abordagens e procedimentos de pesquisa, e de<br>participa\u00e7\u00e3o no campo da a\u00e7\u00e3o coletiva.<br>O exerc\u00edcio da cr\u00edtica \u00e9 parte do conhecimento e uma das principais maneiras de avan\u00e7ar<br>no debate das ci\u00eancias sociais e no conhecimento de nossas sociedades<br>latinoamericanas e caribenhas atravessadas de multiculturalidade e de express\u00f5es<br>diversas de pensar e de construir utopias.<br><br><a href=\"https:\/\/sialat2024.com.br\/wp-content\/uploads\/2024\/02\/EMENTA-GT01.pdf\" target=\"_blank\" rel=\"noreferrer noopener\">GT 01 &#8211; Democracia e conjuntura pol\u00edtica na Am\u00e9rica Latina e Caribe<\/a>&nbsp;<br><a href=\"https:\/\/sialat2024.com.br\/wp-content\/uploads\/2024\/02\/EMENTA-GT02.pdf\" target=\"_blank\" rel=\"noreferrer noopener\">GT 02 &#8211; Desenvolvimento, desigualdade social e cidades latino-americano.<\/a>&nbsp;<br><a href=\"https:\/\/sialat2024.com.br\/wp-content\/uploads\/2024\/02\/EMENTA-GT03.pdf\" target=\"_blank\" rel=\"noreferrer noopener\">GT 03 &#8211; Pensamento social, utopias e epistemologias na Am\u00e9rica Latina e Caribe<\/a>&nbsp;<br><a href=\"https:\/\/sialat2024.com.br\/wp-content\/uploads\/2024\/02\/EMENTA-GT04.pdf\" target=\"_blank\" rel=\"noreferrer noopener\">GT 04 &#8211; Movimentos sociais e \u00e9tnico-territoriais e levantes na Am\u00e9rica Latina e Caribe<\/a>&nbsp;<br><a href=\"https:\/\/sialat2024.com.br\/wp-content\/uploads\/2024\/02\/EMENTA-GT05.pdf\" target=\"_blank\" rel=\"noreferrer noopener\">GT 05 \u2013 Modelo neoextrativista, mega-projetos e economia de  commodities na Am\u00e9rica Latina e Caribe<\/a>&nbsp;<br><a href=\"https:\/\/sialat2024.com.br\/wp-content\/uploads\/2024\/02\/EMENTA-GT06.pdf\" target=\"_blank\" rel=\"noreferrer noopener\">GT 06 \u2013 Agriculturas familiares, cultura e ancestralidade, commons e o  Bem Viver na Am\u00e9rica Latina e Caribe<\/a>&nbsp;<br><a href=\"https:\/\/sialat2024.com.br\/wp-content\/uploads\/2024\/03\/EMENTA-GT07-1.pdf\" target=\"_blank\" rel=\"noreferrer noopener\">GT 07 \u2013 Emerg\u00eancias clim\u00e1ticas, ecologia pol\u00edtica e desenvolvimento  sustent\u00e1vel<\/a><br><a href=\"https:\/\/sialat2024.com.br\/wp-content\/uploads\/2024\/03\/EMENTA-GT08-1.pdf\" target=\"_blank\" rel=\"noreferrer noopener\">GT 08 \u2013 Racismos, colonialismos, patriarcado e di\u00e1sporas na hist\u00f3ria  presente da Am\u00e9rica Latina e do Caribe<\/a><\/p>\n\n\n\n<p><br><strong>SUBMISS\u00c3O DE TRABALHOS<\/strong>: Clique na categoria do seu interesse para abrir o conte\u00fado completo.<\/p>\n\n\n\n<p><\/p>\n\n\n\n<p><strong><a href=\"https:\/\/sialat2024.com.br\/index.php\/comunicacao-oral\/\">1) Comunica\u00e7\u00e3o Oral (Apresenta\u00e7\u00e3o de trabalhos completos)<\/a><br><a href=\"https:\/\/sialat2024.com.br\/index.php\/sessao-de-posteres\/\" target=\"_blank\" rel=\"noreferrer noopener\">2) Sess\u00e3o de P\u00f4ster<\/a><br><a href=\"https:\/\/sialat2024.com.br\/index.php\/template-do-poster\/\" target=\"_blank\" rel=\"noreferrer noopener\">3) Template do P\u00f4ster<\/a><\/strong><\/p>\n","protected":false},"excerpt":{"rendered":"<p>Cronograma de Submiss\u00e3o de Resumos, Trabalhos Completos e Resumo de P\u00f4ster Atividades Datas Submiss\u00e3o de resumos para GT\u2019s At\u00e9 05\/02\/2024 Submiss\u00e3o de resumos para P\u00f4ster At\u00e9 05\/02\/204 Divulga\u00e7\u00e3o do resultado dos resumos aprovados para GTs 29\/02\/2024 Divulga\u00e7\u00e3o do resultado dos&hellip; <\/p>\n","protected":false},"author":1,"featured_media":0,"parent":0,"menu_order":0,"comment_status":"closed","ping_status":"closed","template":"","meta":{"_acf_changed":false,"footnotes":""},"acf":[],"jetpack_sharing_enabled":true,"jetpack-related-posts":[],"_links":{"self":[{"href":"https:\/\/sialat2024.com.br\/index.php\/wp-json\/wp\/v2\/pages\/707"}],"collection":[{"href":"https:\/\/sialat2024.com.br\/index.php\/wp-json\/wp\/v2\/pages"}],"about":[{"href":"https:\/\/sialat2024.com.br\/index.php\/wp-json\/wp\/v2\/types\/page"}],"author":[{"embeddable":true,"href":"https:\/\/sialat2024.com.br\/index.php\/wp-json\/wp\/v2\/users\/1"}],"replies":[{"embeddable":true,"href":"https:\/\/sialat2024.com.br\/index.php\/wp-json\/wp\/v2\/comments?post=707"}],"version-history":[{"count":46,"href":"https:\/\/sialat2024.com.br\/index.php\/wp-json\/wp\/v2\/pages\/707\/revisions"}],"predecessor-version":[{"id":1406,"href":"https:\/\/sialat2024.com.br\/index.php\/wp-json\/wp\/v2\/pages\/707\/revisions\/1406"}],"wp:attachment":[{"href":"https:\/\/sialat2024.com.br\/index.php\/wp-json\/wp\/v2\/media?parent=707"}],"curies":[{"name":"wp","href":"https:\/\/api.w.org\/{rel}","templated":true}]}}