{"id":689,"date":"2023-10-27T18:59:31","date_gmt":"2023-10-27T21:59:31","guid":{"rendered":"https:\/\/sialat2024.com.br\/?page_id=689"},"modified":"2024-03-31T21:38:47","modified_gmt":"2024-04-01T00:38:47","slug":"obter-certificado","status":"publish","type":"page","link":"https:\/\/sialat2024.com.br\/index.php\/obter-certificado\/","title":{"rendered":"Como baixar seu certificado"},"content":{"rendered":"\n<p>\u26a0\ufe0f <mark style=\"background-color:rgba(0, 0, 0, 0)\" class=\"has-inline-color has-vivid-red-color\"><em>Email n\u00e3o encontrado ou CERTIFICADO n\u00e3o dispon\u00edvel para este email. <\/em><\/mark><\/p>\n\n\n\n<p>Por favor, entrar em contato atrav\u00e9s do Email: sialat2023@gmail.com <\/p>\n\n\n\n<p>Ou tente novamente!<\/p>\n\n\n\n<!-- Formul\u00e1rio HTML -->\n<form action=\"\/processar-email.php\" method=\"post\">\n    <label for=\"email\">Digite seu email:<\/label><br>\n    <input id=\"email\" name=\"email\" required=\"\" type=\"email\">\n    <br><br>\n    <p><button type=\"submit\">Enviar<\/button><\/p>\n<\/form>\n\n\n\n<p>Caso voc\u00ea tenha feito a inscri\u00e7\u00e3o atrav\u00e9s do outro sistema (SISNAEA), o seu certificado ser\u00e1 enviado por e-mail.<\/p>\n\n\n\n<p>Os certificados de moderadores, palestrantes e conferencistas, tamb\u00e9m ser\u00e3o enviados por e-mail.<\/p>\n\n\n\n<p>Qualquer d\u00favida entre em contato conosco: sialat2023@gmail.com<\/p>\n","protected":false},"excerpt":{"rendered":"<p>\u26a0\ufe0f Email n\u00e3o encontrado ou CERTIFICADO n\u00e3o dispon\u00edvel para este email. Por favor, entrar em contato atrav\u00e9s do Email: sialat2023@gmail.com Ou tente novamente! Digite seu email: Enviar Caso voc\u00ea tenha feito a inscri\u00e7\u00e3o atrav\u00e9s do outro sistema (SISNAEA), o seu&hellip; <\/p>\n","protected":false},"author":1,"featured_media":0,"parent":0,"menu_order":0,"comment_status":"closed","ping_status":"closed","template":"","meta":{"_acf_changed":false,"footnotes":""},"acf":[],"jetpack_sharing_enabled":true,"jetpack-related-posts":[],"_links":{"self":[{"href":"https:\/\/sialat2024.com.br\/index.php\/wp-json\/wp\/v2\/pages\/689"}],"collection":[{"href":"https:\/\/sialat2024.com.br\/index.php\/wp-json\/wp\/v2\/pages"}],"about":[{"href":"https:\/\/sialat2024.com.br\/index.php\/wp-json\/wp\/v2\/types\/page"}],"author":[{"embeddable":true,"href":"https:\/\/sialat2024.com.br\/index.php\/wp-json\/wp\/v2\/users\/1"}],"replies":[{"embeddable":true,"href":"https:\/\/sialat2024.com.br\/index.php\/wp-json\/wp\/v2\/comments?post=689"}],"version-history":[{"count":7,"href":"https:\/\/sialat2024.com.br\/index.php\/wp-json\/wp\/v2\/pages\/689\/revisions"}],"predecessor-version":[{"id":1328,"href":"https:\/\/sialat2024.com.br\/index.php\/wp-json\/wp\/v2\/pages\/689\/revisions\/1328"}],"wp:attachment":[{"href":"https:\/\/sialat2024.com.br\/index.php\/wp-json\/wp\/v2\/media?parent=689"}],"curies":[{"name":"wp","href":"https:\/\/api.w.org\/{rel}","templated":true}]}}