{"id":676,"date":"2023-10-27T18:51:56","date_gmt":"2023-10-27T21:51:56","guid":{"rendered":"https:\/\/sialat2024.com.br\/?page_id=676"},"modified":"2024-01-30T13:12:56","modified_gmt":"2024-01-30T16:12:56","slug":"como-baixar-seu-certificado","status":"publish","type":"page","link":"https:\/\/sialat2024.com.br\/index.php\/como-baixar-seu-certificado\/","title":{"rendered":"Como baixar seu certificado do PR\u00c9-VSIALAT"},"content":{"rendered":"\n<p>Para a emiss\u00e3o do seu certificado de participa\u00e7\u00e3o no V SIALAT. Insira o e-mail cadastrado no ato da inscri\u00e7\u00e3o.<\/p>\n\n\n\n<!-- Formul\u00e1rio HTML -->\n<form action=\"\/processar-email.php\" method=\"post\">\n    <label for=\"email\">Digite seu email:<\/label><br>\n    <input id=\"email\" name=\"email\" required=\"\" type=\"email\">\n    <br><br>\n    <p><button type=\"submit\">Enviar<\/button><\/p>\n<\/form>\n\n\n\n<p>Caso voc\u00ea tenha feita inscri\u00e7\u00e3o atrav\u00e9s do outro sistema (SISNAEA), o seu certificado ser\u00e1 enviado por e-mail.<\/p>\n\n\n\n<p>Os certificado de moderadores, palestrantes e conferencistas, tamb\u00e9m ser\u00e3o enviados por e-mail.<\/p>\n\n\n\n<p>Qualquer d\u00favida entre em contato conosco: sialat2023@gmail.com<\/p>\n","protected":false},"excerpt":{"rendered":"<p>Para a emiss\u00e3o do seu certificado de participa\u00e7\u00e3o no V SIALAT. Insira o e-mail cadastrado no ato da inscri\u00e7\u00e3o. Digite seu email: Enviar Caso voc\u00ea tenha feita inscri\u00e7\u00e3o atrav\u00e9s do outro sistema (SISNAEA), o seu certificado ser\u00e1 enviado por e-mail.&hellip; <\/p>\n","protected":false},"author":1,"featured_media":0,"parent":0,"menu_order":0,"comment_status":"closed","ping_status":"closed","template":"","meta":{"_acf_changed":false,"footnotes":""},"acf":[],"jetpack_sharing_enabled":true,"jetpack-related-posts":[],"_links":{"self":[{"href":"https:\/\/sialat2024.com.br\/index.php\/wp-json\/wp\/v2\/pages\/676"}],"collection":[{"href":"https:\/\/sialat2024.com.br\/index.php\/wp-json\/wp\/v2\/pages"}],"about":[{"href":"https:\/\/sialat2024.com.br\/index.php\/wp-json\/wp\/v2\/types\/page"}],"author":[{"embeddable":true,"href":"https:\/\/sialat2024.com.br\/index.php\/wp-json\/wp\/v2\/users\/1"}],"replies":[{"embeddable":true,"href":"https:\/\/sialat2024.com.br\/index.php\/wp-json\/wp\/v2\/comments?post=676"}],"version-history":[{"count":5,"href":"https:\/\/sialat2024.com.br\/index.php\/wp-json\/wp\/v2\/pages\/676\/revisions"}],"predecessor-version":[{"id":987,"href":"https:\/\/sialat2024.com.br\/index.php\/wp-json\/wp\/v2\/pages\/676\/revisions\/987"}],"wp:attachment":[{"href":"https:\/\/sialat2024.com.br\/index.php\/wp-json\/wp\/v2\/media?parent=676"}],"curies":[{"name":"wp","href":"https:\/\/api.w.org\/{rel}","templated":true}]}}