{"id":557,"date":"2023-10-03T19:56:00","date_gmt":"2023-10-03T22:56:00","guid":{"rendered":"https:\/\/sialat2024.com.br\/?page_id=557"},"modified":"2024-03-31T21:37:08","modified_gmt":"2024-04-01T00:37:08","slug":"inscricao-realizada-com-sucesso","status":"publish","type":"page","link":"https:\/\/sialat2024.com.br\/index.php\/inscricao-realizada-com-sucesso\/","title":{"rendered":"Inscri\u00e7\u00e3o realizada com sucesso!"},"content":{"rendered":"\n\n\t<p>Inscri\u00e7\u00e3o realizada com sucesso! Obrigado por se inscrever!<\/p>\n<p>Deseja fazer outra inscri\u00e7\u00e3o?<\/p>\n\t\t\t<a href=\"https:\/\/sialat2024.com.br\/index.php\/inscricao-etapa-2\/\" target=\"_self\" rel=\"noopener\">\n\t\t\t\t\t\tSim\n\t\t\t\t\t<\/a>\n\t\t\t<a href=\"https:\/\/sialat2024.com.br\/index.php\/sialat-2023\/\" target=\"_self\" rel=\"noopener\">\n\t\t\t\t\t\t\tN\u00e3o\n\t\t\t\t\t<\/a>\n\n","protected":false},"excerpt":{"rendered":"<p>Inscri\u00e7\u00e3o realizada com sucesso! Obrigado por se inscrever! Deseja fazer outra inscri\u00e7\u00e3o? Sim N\u00e3o<\/p>\n","protected":false},"author":1,"featured_media":0,"parent":0,"menu_order":0,"comment_status":"closed","ping_status":"closed","template":"","meta":{"_acf_changed":false,"footnotes":""},"acf":[],"jetpack_sharing_enabled":true,"jetpack-related-posts":[],"_links":{"self":[{"href":"https:\/\/sialat2024.com.br\/index.php\/wp-json\/wp\/v2\/pages\/557"}],"collection":[{"href":"https:\/\/sialat2024.com.br\/index.php\/wp-json\/wp\/v2\/pages"}],"about":[{"href":"https:\/\/sialat2024.com.br\/index.php\/wp-json\/wp\/v2\/types\/page"}],"author":[{"embeddable":true,"href":"https:\/\/sialat2024.com.br\/index.php\/wp-json\/wp\/v2\/users\/1"}],"replies":[{"embeddable":true,"href":"https:\/\/sialat2024.com.br\/index.php\/wp-json\/wp\/v2\/comments?post=557"}],"version-history":[{"count":8,"href":"https:\/\/sialat2024.com.br\/index.php\/wp-json\/wp\/v2\/pages\/557\/revisions"}],"predecessor-version":[{"id":939,"href":"https:\/\/sialat2024.com.br\/index.php\/wp-json\/wp\/v2\/pages\/557\/revisions\/939"}],"wp:attachment":[{"href":"https:\/\/sialat2024.com.br\/index.php\/wp-json\/wp\/v2\/media?parent=557"}],"curies":[{"name":"wp","href":"https:\/\/api.w.org\/{rel}","templated":true}]}}