{"id":515,"date":"2023-09-26T13:17:09","date_gmt":"2023-09-26T16:17:09","guid":{"rendered":"https:\/\/sialat2024.com.br\/?page_id=515"},"modified":"2024-04-24T09:57:27","modified_gmt":"2024-04-24T12:57:27","slug":"comissoes","status":"publish","type":"page","link":"https:\/\/sialat2024.com.br\/index.php\/comissoes\/","title":{"rendered":"Comiss\u00f5es"},"content":{"rendered":"\n<h6 class=\"wp-block-heading\">Comiss\u00e3o Cient\u00edfica<\/h6>\n\n\n\n<p>Ad\u00e9lia Malevich Ribeiro \u2013 UFES<br>Agustin Lao Montes \u2013 Universidade de Massachusetts, Amherst \u2013 USA<br>Ana Manoela Primo dos Santos Soares Karipuna \u2013 PPGSA\/UFPA<br>Ana Maria Ara\u00fajo \u2013 Universidad de la Rep\u00fablica\/UDELAR \u2013 Uruguay<br>Ana Rivoir \u2013 Universidad de la Rep\u00fablica\/UDELAR \u2013 Uruguay<br>Andr\u00e9a Bittencourt Pires Chaves \u2013 PPGSA\/UFPA<br>Andrea Zhoury \u2013 GESTA\/PPGA\/UFMG<br>Andr\u00e8s Felipe Ortiz Gordillo \u2013 Universidade Col\u00f4mbia \u2013 Col\u00f4mbia<br>Assun\u00e7\u00e3o Jos\u00e9 Pureza Amaral \u2013 UFPA\/Campus Castanhal<br>Bruno Malheiros \u2013 UNIFESSP<br>Carlos Freire da Silva \u2013 PPGSA\/UFPA<br>Carlos Potiara Castro \u2013 PPGSA\/UFPA<br>Claudio Fabian Szlafsztein \u2013 NAEA\/UFPA<br>Dalva Motta \u2013 CPATU\/EMBRAPA<br>Daniela Ribeiro de Oliveira \u2013 PPGSA\/UFPA<br>Diego Andr\u00e8s Parra Suarez \u2013 Universidad de Cuenca \u2013 Equador<br>Edila Arnaud Moura \u2013 IFCH\/UFPA<br>Edna Ramos de Castro \u2013 GETTAM\/NAEA\/UFPA<br>Eduardo Gudynas \u2013 CEAS \u2013 Uruguay<br>Elis de Ara\u00fajo Miranda \u2013 UFF\/RJ<br>Elton Luis da Silva J\u00fanior \u2013 UFPA<br>Ernesto Renan Freitas Pinto \u2013 UFAM<br>Eug\u00eania Cabral \u2013 PPGCP\/UFPA<br>Eun\u00e1pio do Carmo \u2013 GETTAM\/NAEA<br>Felipe Milanez Pereira \u2013 UFBA<br>Fernando Michelotti \u2013 UNIFESSPA<br>Gilberto de Souza Marques \u2013 PPGE\/UFPA<br>Guilherme Guerreiro Neto \u2013 NAEA\/UFPA<br>Gutemberg Armando Diniz Guerra \u2013 INEAF\/UFPA<br>Hector At\u00edlio Poggiese \u2013 FALCSO \u2013 Argentina<br>Helena Zagury Tourinho \u2013 PPDMU\/UNAMA<br>Jane Beltr\u00e3o \u2013 PPGA\/IFCH<br>Janete Rodrigues Botelho \u2013 PPGSA\/UFPA<br>Jondison Rodrigues \u2013 GETTAM\/NAEA<br>Jos\u00e9 Raimundo Trindade \u2013ICSA\/UFPA<br>Jos\u00e9 Vicente Tavares dos Santos \u2013 UFRGS<br>Juliano Ximenes (PPGAU\/UFPA<br>Larissa Carreira \u2013 GETTAM\/NAEA<br>Leila da Costa Ferreira \u2013 IFCH\/UNICAMP<br>Luis Fernando Novoa Garzon \u2013 UNIR<\/p>\n\n\n\n<p>Luzia Miranda \u00c1lvares \u2013 GEPEM\/UFPA<br>Manoel Pereira de Andrade \u2013 NEAz\/CEAM\/UNB<br>Marcel Theodoor Hazeu \u2013 ICSA\/UFPA<br>Marcela Vecchione Gon\u00e7alves \u2013 NAEA\/UFPA<br>Marcos Col\u00f3n \u2013 State University Florida<br>Maria Amoras \u2013 PPGSS\/UFPA<br>Maria Ant\u00f4nia Nascimento \u2013 ICSA\/UFPA<br>Maria Dolores Lima da Silva \u2013 PPGCP\/UFPA<br>Maria Goretti Tavares \u2013 PPGGEO\/UFPA<br>Michel de Melo Lima \u2013 PPDMU\/UNAMA<br>Nirvia Ravena \u2013 NAEA\/UFPA<br>Olga Castreghini de Freitas \u2013 UFPR \u2013 UNAMA<br>Patr\u00edcia da Silva Santos \u2013 PPGSA\/UFPA<br>Paulo Henrique Martins \u2013 UFPE<br>Rodrigo Corr\u00eaa Diniz Peixoto \u2013 PPGSA\/IUFPA<br>Rosane Alvino Steinbrenner \u2013 PPGCOM\/UFPA<br>Rosane Brito \u2013 IFCH \u2013 GETTAM\/NAEA<\/p>\n\n\n\n<p>Roselene Portela (PPGSS\/ICSA\/UFPA)<br>Sabrina Nascimento \u2013 GETTAM\/NAEA<br>Saint Clair Trindade \u2013 NAEA\/UFPA<\/p>\n\n\n\n<p>Sandra Helena Cruz (PPGSS\/ICSA\/UFPA)<br>Sara Alonso \u2013 Universidade Ramon lul-Barcelona, Espanha<br>Silvio Figueiredo \u2013 NAEA\/UFPA<br>Simaia das Merc\u00eas \u2013 NAEA\/UFPA<br>Simy Corr\u00eaa \u2013 (FASE\/Fundo Dema; ABJD; GETTAM)<br>Sirlei Aparecida Silveira \u2013 SOPIC\/UFMT<br>Thales Maximiliano Ravena Ca\u00f1ete \u2013 PPGDSTU\/NAEA<br>Uriens Maximiliano Ravena Ca\u00f1ete \u2013 GEPREV<br>Voyner Ravena Ca\u00f1ete \u2013 PPGSA\/IFCH<br>Welson de Souza Cardoso \u2013 ICSA \u2013 GETTAM\/NAEA<\/p>\n\n\n\n<h6 class=\"wp-block-heading\">Comiss\u00e3o Organizadora<\/h6>\n\n\n\n<p>Edna Castro \u2013 GETTAM\/NAEA \u2013 Coordenadora<br>Eun\u00e1pio do Carmo \u2013 GETTAM\/NAEA<br>Larissa Carreira \u2013 GETTAM\/NAEA<br>Suely Rodrigues Alves \u2013 GETTAM\/NAEA<br>Marcos Col\u00f3n \u2013 State University Florida<br>Iraneide Silva \u2013 MPEG \u2013 GETTAM\/NAEA<br>Maria da Paz Corr\u00eaa Saavedra \u2013 NAEA\/UFPA<br>Jondison Rodrigues \u2013 GETTAM\/NAEA<br>Jader Gama \u2013 GETTAM\/NAEA<br>Marcel Hazeu \u2013 ICSA\/UFPA<br>Welson de Souza Cardoso \u2013 ICSA \u2013 GETTAM\/NAEA<br>Sabrina Nascimento \u2013 GETTAM\/NAEA<br>Pedro Loureiro de Bragan\u00e7a \u2013 UNAMA \u2013 GETTAM\/NAEA<br>Guilherme Guerreiro Neto \u2013 NAEA\/UFPA<br>Rosane Brito \u2013 IFCH \u2013 GETTAM\/NAEA<br>Simy Corr\u00eaa \u2013 (FASE\/Fundo Dema; ABJD; GETTAM)<br>Cassia Karimi Vieira Cativo \u2013 GETTAM\/NAEA<br>Camilla Souza Barbosa \u2013 GETTAM\/NAEA<br>Raiane Siqueira Mendes \u2013 GETTAM\/NAEA<br>Jamyle Cristine Abreu Aires \u2013 GETTAM\/NAEA<br>Evelyn Neves \u2013 FACS\/IFCH\/UFPA<br>Alessandro Sobral Farias \u2013 PPGSA\/IFCH\/UFPA<br>Denny J\u00fanior Cabral Ferreira \u2013 PPGSA\/IFCH\/UFPA<br>Ant\u00f4nio Luis Parlandin dos Santos \u2013 PPGSA\/IFCH\/UFPA<\/p>\n\n\n\n<h6 class=\"wp-block-heading\">Comiss\u00e3o Organizadora de Sess\u00f5es de P\u00f4steres<\/h6>\n\n\n\n<p><br>Cassia Karimi Vieira Cativo \u2013 GETTAM\/NAEA<br>Camilla Souza Barbosa \u2013 GETTAM\/NAEA<br>Raiane Siqueira Mendes \u2013 GETTAM\/NAEA<br>Alessandro Sobral Farias \u2013 PPGSA\/IFCH\/UFPA<br>Denny J\u00fanior Cabral Ferreira \u2013 PPGSA\/IFCH\/UFPA<br>Ant\u00f4nio Luis Parlandin dos Santos \u2013 PPGSA\/IFCH\/UFPA<br>Pedro Loureiro de Bragan\u00e7a \u2013 UNAMA \u2013 GETTAM\/NAEA<br>Jader Gama \u2013 GETTAM\/NAEA<br>Jamyle Cristine Abreu Aires \u2013 GETTAM\/NAEA<\/p>\n\n\n\n<h6 class=\"wp-block-heading\">Comiss\u00e3o de Apoio<\/h6>\n\n\n\n<p>Evelyn Neves de Souza &#8211; Secretaria &#8211; NAEA\/UFPA<br>Manuela Almeida Andr\u00e9 &#8211; M\u00eddia &#8211; NAEA\/UFPA<br>Ione Sena &#8211; Desigh e Gr\u00e1fica<br>Paulo Mesquita &#8211; Inform\u00e1tica &#8211; NAEA\/UFPA<br>Paulo Vinicius &#8211; Inform\u00e1tica &#8211; NAEA\/UFPA<br>Alan Souza da Silva &#8211; PPGDSRTU\/NAEA<\/p>\n\n\n\n<p class=\"has-medium-font-size\"><\/p>\n\n\n\n<p><\/p>\n","protected":false},"excerpt":{"rendered":"<p>Comiss\u00e3o Cient\u00edfica Ad\u00e9lia Malevich Ribeiro \u2013 UFESAgustin Lao Montes \u2013 Universidade de Massachusetts, Amherst \u2013 USAAna Manoela Primo dos Santos Soares Karipuna \u2013 PPGSA\/UFPAAna Maria Ara\u00fajo \u2013 Universidad de la Rep\u00fablica\/UDELAR \u2013 UruguayAna Rivoir \u2013 Universidad de la Rep\u00fablica\/UDELAR \u2013&hellip; <\/p>\n","protected":false},"author":1,"featured_media":0,"parent":0,"menu_order":0,"comment_status":"closed","ping_status":"closed","template":"","meta":{"_acf_changed":false,"footnotes":""},"acf":[],"jetpack_sharing_enabled":true,"jetpack-related-posts":[],"_links":{"self":[{"href":"https:\/\/sialat2024.com.br\/index.php\/wp-json\/wp\/v2\/pages\/515"}],"collection":[{"href":"https:\/\/sialat2024.com.br\/index.php\/wp-json\/wp\/v2\/pages"}],"about":[{"href":"https:\/\/sialat2024.com.br\/index.php\/wp-json\/wp\/v2\/types\/page"}],"author":[{"embeddable":true,"href":"https:\/\/sialat2024.com.br\/index.php\/wp-json\/wp\/v2\/users\/1"}],"replies":[{"embeddable":true,"href":"https:\/\/sialat2024.com.br\/index.php\/wp-json\/wp\/v2\/comments?post=515"}],"version-history":[{"count":40,"href":"https:\/\/sialat2024.com.br\/index.php\/wp-json\/wp\/v2\/pages\/515\/revisions"}],"predecessor-version":[{"id":1798,"href":"https:\/\/sialat2024.com.br\/index.php\/wp-json\/wp\/v2\/pages\/515\/revisions\/1798"}],"wp:attachment":[{"href":"https:\/\/sialat2024.com.br\/index.php\/wp-json\/wp\/v2\/media?parent=515"}],"curies":[{"name":"wp","href":"https:\/\/api.w.org\/{rel}","templated":true}]}}