{"id":410,"date":"2023-09-24T22:13:03","date_gmt":"2023-09-25T01:13:03","guid":{"rendered":"https:\/\/sialat2024.com.br\/?page_id=410"},"modified":"2024-01-05T18:35:44","modified_gmt":"2024-01-05T21:35:44","slug":"410-2","status":"publish","type":"page","link":"https:\/\/sialat2024.com.br\/index.php\/410-2\/","title":{"rendered":"Inscri\u00e7\u00e3o"},"content":{"rendered":"\n<p>Preencha o formul\u00e1rio abaixo para se inscrever no V SIALAT &#8211; Etapa de Outubro<\/p>\n<p>AVISO:<\/p>\n<p>Para a etapa de OUTUBRO as inscri\u00e7\u00f5es s\u00e3o GRATUITAS.<\/p>\n<p>Para a etapa de MAR\u00c7O\/2024 a tabela de valores ser\u00e1 brevemente informada.<\/p>\n\t<iframe loading=\"lazy\" src=\"https:\/\/docs.google.com\/forms\/d\/e\/1FAIpQLSfSzJ0BFQAqPjYzwX8WCUDV37VXTVZjp5W8VB4QH_Co0ddbww\/viewform?embedded=true\" width=\"640\" height=\"1470\" frameborder=\"0\" marginheight=\"0\" marginwidth=\"0\">Carregando&#8230;<\/iframe>\n","protected":false},"excerpt":{"rendered":"<p>Preencha o formul\u00e1rio abaixo para se inscrever no V SIALAT &#8211; Etapa de Outubro AVISO: Para a etapa de OUTUBRO as inscri\u00e7\u00f5es s\u00e3o GRATUITAS. Para a etapa de MAR\u00c7O\/2024 a tabela de valores ser\u00e1 brevemente informada. Carregando&#8230;<\/p>\n","protected":false},"author":1,"featured_media":0,"parent":0,"menu_order":0,"comment_status":"closed","ping_status":"closed","template":"","meta":{"_acf_changed":false,"footnotes":""},"acf":[],"jetpack_sharing_enabled":true,"jetpack-related-posts":[],"_links":{"self":[{"href":"https:\/\/sialat2024.com.br\/index.php\/wp-json\/wp\/v2\/pages\/410"}],"collection":[{"href":"https:\/\/sialat2024.com.br\/index.php\/wp-json\/wp\/v2\/pages"}],"about":[{"href":"https:\/\/sialat2024.com.br\/index.php\/wp-json\/wp\/v2\/types\/page"}],"author":[{"embeddable":true,"href":"https:\/\/sialat2024.com.br\/index.php\/wp-json\/wp\/v2\/users\/1"}],"replies":[{"embeddable":true,"href":"https:\/\/sialat2024.com.br\/index.php\/wp-json\/wp\/v2\/comments?post=410"}],"version-history":[{"count":10,"href":"https:\/\/sialat2024.com.br\/index.php\/wp-json\/wp\/v2\/pages\/410\/revisions"}],"predecessor-version":[{"id":545,"href":"https:\/\/sialat2024.com.br\/index.php\/wp-json\/wp\/v2\/pages\/410\/revisions\/545"}],"wp:attachment":[{"href":"https:\/\/sialat2024.com.br\/index.php\/wp-json\/wp\/v2\/media?parent=410"}],"curies":[{"name":"wp","href":"https:\/\/api.w.org\/{rel}","templated":true}]}}