{"id":40,"date":"2014-07-04T20:06:26","date_gmt":"2014-07-04T20:06:26","guid":{"rendered":"http:\/\/demo.themegrill.com\/vintage\/?page_id=40"},"modified":"2023-09-25T19:41:39","modified_gmt":"2023-09-25T22:41:39","slug":"business","status":"publish","type":"page","link":"https:\/\/sialat2024.com.br\/index.php\/business\/","title":{"rendered":"In\u00edcio"},"content":{"rendered":"<ul class=\"wp-block-latest-posts__list wp-block-latest-posts\"><li><a class=\"wp-block-latest-posts__post-title\" href=\"https:\/\/sialat2024.com.br\/index.php\/2024\/07\/05\/ja-esta-disponivel-publicacao-dos-anais-clique-aqui\/\">J\u00e1 est\u00e1 dispon\u00edvel! Publica\u00e7\u00e3o dos Anais, Clique aqui<\/a><\/li>\n<li><a class=\"wp-block-latest-posts__post-title\" href=\"https:\/\/sialat2024.com.br\/index.php\/2024\/04\/25\/comunicamos-a-antecipacao-para-esta-tarde-a-mesa-redonda-08-pensamento-indigena-territorios-e-rupturas-epistemologicas-faces-as-narrativas-coloniais\/\">Comunicamos a antecipa\u00e7\u00e3o para esta tarde a Mesa Redonda 08 &#8211; Pensamento Ind\u00edgena, territ\u00f3rios e rupturas epistemol\u00f3gicas faces \u00e0s narrativas coloniais<\/a><\/li>\n<li><a class=\"wp-block-latest-posts__post-title\" href=\"https:\/\/sialat2024.com.br\/index.php\/2024\/04\/24\/programacao-resumida-e-locais-das-atividades\/\">PROGRAMA\u00c7\u00c3O RESUMIDA E LOCAIS DAS ATIVIDADES<\/a><\/li>\n<li><a class=\"wp-block-latest-posts__post-title\" href=\"https:\/\/sialat2024.com.br\/index.php\/2024\/04\/23\/gt-trabalhos-completos-publicados\/\">GT &#8211; Trabalhos completos publicados<\/a><\/li>\n<li><a class=\"wp-block-latest-posts__post-title\" href=\"https:\/\/sialat2024.com.br\/index.php\/2024\/04\/23\/programacao-completa-do-v-sialat\/\">Programa\u00e7\u00e3o Completa do V SIALAT<\/a><\/li>\n<\/ul>","protected":false},"excerpt":{"rendered":"","protected":false},"author":1,"featured_media":0,"parent":0,"menu_order":0,"comment_status":"closed","ping_status":"closed","template":"page-templates\/business.php","meta":{"_acf_changed":false,"footnotes":""},"acf":[],"jetpack_sharing_enabled":true,"jetpack-related-posts":[],"_links":{"self":[{"href":"https:\/\/sialat2024.com.br\/index.php\/wp-json\/wp\/v2\/pages\/40"}],"collection":[{"href":"https:\/\/sialat2024.com.br\/index.php\/wp-json\/wp\/v2\/pages"}],"about":[{"href":"https:\/\/sialat2024.com.br\/index.php\/wp-json\/wp\/v2\/types\/page"}],"author":[{"embeddable":true,"href":"https:\/\/sialat2024.com.br\/index.php\/wp-json\/wp\/v2\/users\/1"}],"replies":[{"embeddable":true,"href":"https:\/\/sialat2024.com.br\/index.php\/wp-json\/wp\/v2\/comments?post=40"}],"version-history":[{"count":7,"href":"https:\/\/sialat2024.com.br\/index.php\/wp-json\/wp\/v2\/pages\/40\/revisions"}],"predecessor-version":[{"id":491,"href":"https:\/\/sialat2024.com.br\/index.php\/wp-json\/wp\/v2\/pages\/40\/revisions\/491"}],"wp:attachment":[{"href":"https:\/\/sialat2024.com.br\/index.php\/wp-json\/wp\/v2\/media?parent=40"}],"curies":[{"name":"wp","href":"https:\/\/api.w.org\/{rel}","templated":true}]}}