{"id":377,"date":"2023-09-24T21:04:28","date_gmt":"2023-09-25T00:04:28","guid":{"rendered":"https:\/\/sialat2024.com.br\/?page_id=377"},"modified":"2024-02-26T19:53:51","modified_gmt":"2024-02-26T22:53:51","slug":"gettam-naea","status":"publish","type":"page","link":"https:\/\/sialat2024.com.br\/index.php\/gettam-naea\/","title":{"rendered":"GETTAM\/NAEA"},"content":{"rendered":"\n<p><strong>Sobre o GETTAM<\/strong><\/p>\n\n\n\n<p>O Grupo de Pesquisa Estado, Territ\u00f3rio, Trabalho e Mercados Globalizados (GETTAM) constitui-se em espa\u00e7o de investiga\u00e7\u00e3o, produ\u00e7\u00e3o cient\u00edfica e interven\u00e7\u00e3o social nas Amaz\u00f4nias. A diversidade dos seus integrantes (docentes, discentes e t\u00e9cnicos) revela necess\u00e1ria abertura para o di\u00e1logo coletivo e propositivo somado ao fato dos mesmos terem suas pesquisas marcadas pela contribui\u00e7\u00e3o aos debates contempor\u00e2neos em territ\u00f3rios diversos.<\/p>\n\n\n\n<p><strong>Linha te\u00f3rico-metodol\u00f3gica<\/strong><\/p>\n\n\n\n<p>Adota-se como linha te\u00f3rico-metodol\u00f3gica a abordagem interdisciplinar cr\u00edtica, reflexiva e multiescalar para interpelar temas como desenvolvimento e meio ambiente, conflitos, territ\u00f3rios, grandes empreendimentos e projetos de infra-estrutura, lutas pol\u00edticas, movimentos de insurg\u00eancia, colonialidade e racismos, povos e comunidades tradicionais, cidades amaz\u00f4nicas, geopol\u00edtica e necropol\u00edticas, decolonialidade e o sistema-mundo capitalista.<\/p>\n\n\n\n<p><strong>Conhe\u00e7a a hist\u00f3ria do GETTAM<\/strong><\/p>\n\n\n\n<p>O GETTAM comp\u00f5e o Diret\u00f3rio de Grupos de Pesquisa do CNPq, foi criado em 1995 e \u00e9 coordenado pela professora em\u00e9rita Dra. Edna Maria Ramos de Castro. Os membros do grupo s\u00e3o oriundos do Programa de P\u00f3s-Gradua\u00e7\u00e3o em Desenvolvimento Sustent\u00e1vel do Tr\u00f3pico \u00damido (PPGDSTU) do N\u00facleo de Altos Estudos Amaz\u00f4nicos (NAEA) e do Programa de P\u00f3s-gradua\u00e7\u00e3o em Sociologia e Antropologia (PPGSA) do Instituto de Filosofia e Ci\u00eancias Humanas (IFCH), da Universidade Federal do Par\u00e1 (UFPA) e de docentes de outras universidades ou institutos de pesquisa com os quais tem parceria.<\/p>\n\n\n\n<p>O grupo concebe e organiza, desde 2015, o SIALAT (Semin\u00e1rio Internacional Am\u00e9rica Latina e Caribe), sob a coordena\u00e7\u00e3o geral da Profa. Edna Castro e conta com parcerias nacionais e internacionais. Como evento bianual, o SIALAT vem pautando temas contempor\u00e2neos do Sul-Global, dando visibilidade para din\u00e2micas s\u00f3cioecon\u00f4micas e ambientais, aos processos de mobiliza\u00e7\u00e3o e de lutas pol\u00edticas e na perspectiva cr\u00edtica de epistemologias do Sul. Al\u00e9m desse evento, o GETTAM realiza semin\u00e1rios tem\u00e1ticos, jornadas e palestras como forma de divulgar e problematizar os fen\u00f4menos sociopol\u00edticos em curso nas realidades em transforma\u00e7\u00e3o.<\/p>\n\n\n\n<p>As produ\u00e7\u00f5es nacionais e internacionais do GETTAM t\u00eam tido repercuss\u00f5es acad\u00eamicas e pol\u00edticas importantes na medida em que os pesquisadores identificam, em diferentes linguagens, limites de projetos desenvolvimentistas e acenam a perspectiva cr\u00edtica de enfrent\u00e1-los seja epistemologicamente, seja ainda no apoio aos coletivos que vem forjando novas maneiras de pensar o mundo, a vida e a hist\u00f3ria.<\/p>\n\n\n<div class=\"wp-block-image\">\n<figure class=\"aligncenter size-full is-resized\"><img loading=\"lazy\" decoding=\"async\" width=\"912\" height=\"472\" src=\"https:\/\/sialat2024.com.br\/wp-content\/uploads\/2023\/09\/Logos_Realizacao.jpg\" alt=\"\" class=\"wp-image-378\" style=\"width:405px;height:auto\" srcset=\"https:\/\/sialat2024.com.br\/wp-content\/uploads\/2023\/09\/Logos_Realizacao.jpg 912w, https:\/\/sialat2024.com.br\/wp-content\/uploads\/2023\/09\/Logos_Realizacao-300x155.jpg 300w, https:\/\/sialat2024.com.br\/wp-content\/uploads\/2023\/09\/Logos_Realizacao-768x397.jpg 768w\" sizes=\"(max-width: 912px) 100vw, 912px\" \/><\/figure><\/div>","protected":false},"excerpt":{"rendered":"<p>Sobre o GETTAM O Grupo de Pesquisa Estado, Territ\u00f3rio, Trabalho e Mercados Globalizados (GETTAM) constitui-se em espa\u00e7o de investiga\u00e7\u00e3o, produ\u00e7\u00e3o cient\u00edfica e interven\u00e7\u00e3o social nas Amaz\u00f4nias. A diversidade dos seus integrantes (docentes, discentes e t\u00e9cnicos) revela necess\u00e1ria abertura para o&hellip; <\/p>\n","protected":false},"author":1,"featured_media":0,"parent":0,"menu_order":0,"comment_status":"closed","ping_status":"closed","template":"","meta":{"_acf_changed":false,"footnotes":""},"acf":[],"jetpack_sharing_enabled":true,"jetpack-related-posts":[],"_links":{"self":[{"href":"https:\/\/sialat2024.com.br\/index.php\/wp-json\/wp\/v2\/pages\/377"}],"collection":[{"href":"https:\/\/sialat2024.com.br\/index.php\/wp-json\/wp\/v2\/pages"}],"about":[{"href":"https:\/\/sialat2024.com.br\/index.php\/wp-json\/wp\/v2\/types\/page"}],"author":[{"embeddable":true,"href":"https:\/\/sialat2024.com.br\/index.php\/wp-json\/wp\/v2\/users\/1"}],"replies":[{"embeddable":true,"href":"https:\/\/sialat2024.com.br\/index.php\/wp-json\/wp\/v2\/comments?post=377"}],"version-history":[{"count":8,"href":"https:\/\/sialat2024.com.br\/index.php\/wp-json\/wp\/v2\/pages\/377\/revisions"}],"predecessor-version":[{"id":1128,"href":"https:\/\/sialat2024.com.br\/index.php\/wp-json\/wp\/v2\/pages\/377\/revisions\/1128"}],"wp:attachment":[{"href":"https:\/\/sialat2024.com.br\/index.php\/wp-json\/wp\/v2\/media?parent=377"}],"curies":[{"name":"wp","href":"https:\/\/api.w.org\/{rel}","templated":true}]}}