{"id":1420,"date":"2024-04-09T11:46:47","date_gmt":"2024-04-09T14:46:47","guid":{"rendered":"https:\/\/sialat2024.com.br\/?page_id=1420"},"modified":"2024-04-23T10:33:46","modified_gmt":"2024-04-23T13:33:46","slug":"sessao-de-poster","status":"publish","type":"page","link":"https:\/\/sialat2024.com.br\/index.php\/sessao-de-poster\/","title":{"rendered":"Sess\u00e3o de P\u00f4ster"},"content":{"rendered":"\n<p>Confira a seguir a Programa\u00e7\u00e3o Completa das Sess\u00f5es de P\u00f4steres:<br><br><a href=\"https:\/\/sialat2024.com.br\/wp-content\/uploads\/2024\/04\/V-SIALAT-Programacao-Final-Posteres-GT1.pdf\" target=\"_blank\" rel=\"noreferrer noopener\">Programa\u00e7\u00e3o Sess\u00e3o de P\u00f4steres GT01<\/a><br><a href=\"https:\/\/sialat2024.com.br\/wp-content\/uploads\/2024\/04\/V-SIALAT-Programacao-Final-Posteres-GT2-.pdf\" target=\"_blank\" rel=\"noreferrer noopener\">Programa\u00e7\u00e3o Sess\u00e3o de P\u00f4steres GT02<\/a><br><a href=\"https:\/\/sialat2024.com.br\/wp-content\/uploads\/2024\/04\/V-SIALAT-Programacao-Final-Posteres-GT3.pdf\" target=\"_blank\" rel=\"noreferrer noopener\">Programa\u00e7\u00e3o Sess\u00e3o de P\u00f4steres GT03<\/a><br><a href=\"https:\/\/sialat2024.com.br\/wp-content\/uploads\/2024\/04\/V-SIALAT-Programacao-Final-Posteres-GT4.pdf\" target=\"_blank\" rel=\"noreferrer noopener\">Programa\u00e7\u00e3o Sess\u00e3o de P\u00f4steres GT04<\/a><\/p>\n","protected":false},"excerpt":{"rendered":"<p>Confira a seguir a Programa\u00e7\u00e3o Completa das Sess\u00f5es de P\u00f4steres: Programa\u00e7\u00e3o Sess\u00e3o de P\u00f4steres GT01Programa\u00e7\u00e3o Sess\u00e3o de P\u00f4steres GT02Programa\u00e7\u00e3o Sess\u00e3o de P\u00f4steres GT03Programa\u00e7\u00e3o Sess\u00e3o de P\u00f4steres GT04<\/p>\n","protected":false},"author":1,"featured_media":0,"parent":0,"menu_order":0,"comment_status":"closed","ping_status":"closed","template":"","meta":{"_acf_changed":false,"footnotes":""},"acf":[],"jetpack_sharing_enabled":true,"jetpack-related-posts":[],"_links":{"self":[{"href":"https:\/\/sialat2024.com.br\/index.php\/wp-json\/wp\/v2\/pages\/1420"}],"collection":[{"href":"https:\/\/sialat2024.com.br\/index.php\/wp-json\/wp\/v2\/pages"}],"about":[{"href":"https:\/\/sialat2024.com.br\/index.php\/wp-json\/wp\/v2\/types\/page"}],"author":[{"embeddable":true,"href":"https:\/\/sialat2024.com.br\/index.php\/wp-json\/wp\/v2\/users\/1"}],"replies":[{"embeddable":true,"href":"https:\/\/sialat2024.com.br\/index.php\/wp-json\/wp\/v2\/comments?post=1420"}],"version-history":[{"count":2,"href":"https:\/\/sialat2024.com.br\/index.php\/wp-json\/wp\/v2\/pages\/1420\/revisions"}],"predecessor-version":[{"id":1542,"href":"https:\/\/sialat2024.com.br\/index.php\/wp-json\/wp\/v2\/pages\/1420\/revisions\/1542"}],"wp:attachment":[{"href":"https:\/\/sialat2024.com.br\/index.php\/wp-json\/wp\/v2\/media?parent=1420"}],"curies":[{"name":"wp","href":"https:\/\/api.w.org\/{rel}","templated":true}]}}