{"id":1392,"date":"2024-04-04T18:53:50","date_gmt":"2024-04-04T21:53:50","guid":{"rendered":"https:\/\/sialat2024.com.br\/?page_id=1392"},"modified":"2024-04-05T10:22:55","modified_gmt":"2024-04-05T13:22:55","slug":"comunicacao-oral","status":"publish","type":"page","link":"https:\/\/sialat2024.com.br\/index.php\/comunicacao-oral\/","title":{"rendered":"Comunica\u00e7\u00e3o Oral"},"content":{"rendered":"\n<p><strong>SUBMISS\u00c3O DE TRABALHOS<\/strong><\/p>\n\n\n\n<p>Observa\u00e7\u00f5es gerais:<\/p>\n\n\n\n<p>O primeiro passo para a submiss\u00e3o de propostas aos Grupos de Trabalho do 5\u00ba SIALAT \u00e9 o envio de resumos. Nesta edi\u00e7\u00e3o o evento possui duas modalidades para a apresenta\u00e7\u00e3o de trabalhos: 1) Comunica\u00e7\u00e3o Oral (resumos e trabalhos completos) e 2) Sess\u00e3o de P\u00f4ster<br><br>Confira abaixo os detalhes da modalidade Comunica\u00e7\u00e3o Oral:<\/p>\n\n\n\n<p><strong>1) Comunica\u00e7\u00e3o Oral (Apresenta\u00e7\u00e3o de trabalhos completos)<\/strong><\/p>\n\n\n\n<p>Regras de Participa\u00e7\u00e3o<\/p>\n\n\n\n<p>\u2022 A Comunica\u00e7\u00e3o Oral (apresenta\u00e7\u00e3o de trabalhos completos) \u00e9 destinada para a participa\u00e7\u00e3o de graduados(as), p\u00f3s-graduados (as) e estudantes da p\u00f3s-gradua\u00e7\u00e3o.<br>\u2022 Os resumos aprovados nesta modalidade ter\u00e3o suas vers\u00f5es completas publicadas nos Anais do Evento com a ISBN da Editora NAEA\/UFPA.<br>\u2022 Para participar os(as) interessados(as) devem enviar seus resumos. Mais a frente em \u201cModelo e regras para o resumo\u201d \u00e9 poss\u00edvel acessar o template e as especifica\u00e7\u00f5es para a elabora\u00e7\u00e3o deste material.<br>\u2022 Cada trabalho poder\u00e1 ter at\u00e9, no m\u00e1ximo, 4 (quatro) autores, sendo que o\/a autor\/a principal dever\u00e1, obrigatoriamente, ter a titula\u00e7\u00e3o m\u00ednima de gradua\u00e7\u00e3o completa.<br>\u2022 Em caso de trabalhos com mais de um autor, \u00e9 obrigat\u00f3rio que todos os autores do trabalho inscrevam ao V SIALAT.<br>\u2022 Para apresentar o trabalho aprovado e garantir sua publica\u00e7\u00e3o nos Anais \u00e9 necess\u00e1rio pelo menos um dos autores ter pago a inscri\u00e7\u00e3o.<br>\u2022 As comunica\u00e7\u00f5es orais ser\u00e3o apresentadas em sess\u00f5es previamente organizadas pelos coordenadores de GTs (de acordo com programa\u00e7\u00e3o a ser disponibilizada neste site);<br>\u2022 A apresenta\u00e7\u00e3o do trabalho N\u00c3O poder\u00e1 ser feita por co-autores que n\u00e3o possuam gradua\u00e7\u00e3o completa, ou que n\u00e3o estejam listados na autoria do trabalho.<\/p>\n\n\n\n<p>OBS: D\u00favidas e casos omissos, entre em contato pelo seguinte e-mail:&nbsp;<strong>resumos5sialat2024@gmail.com<\/strong><\/p>\n\n\n\n<p>Autoria<\/p>\n\n\n\n<p>\u2022 Cada participante poder\u00e1 submeter at\u00e9 3 (tr\u00eas) trabalhos<br>\u2022 \u00c9 permitido a primeira autoria de at\u00e9 2 (dois) trabalhos em caso de submiss\u00e3o para GTs diferentes<br>\u2022 Em caso de submiss\u00e3o de resumos no mesmo GT, \u00e9 permitida a primeira autoria de apenas 1 (um) trabalho. Dessa forma, os demais trabalhos quando apresentados no mesmo GT devem ser como co-autoria<\/p>\n\n\n\n<p>MODELO E REGRAS PARA TRABALHOS COMPLETOS<\/p>\n\n\n\n<p>\u2022 Ap\u00f3s a aprova\u00e7\u00e3o do resumo pelos Coordenadores dos GTs cada autor dever\u00e1 encaminhar seu artigo completo que ser\u00e1 disponibiizado na p\u00e1gina eletr\u00f4nica do 5\u00ba SIALAT, \u00fanica e exclusivamente, para o endere\u00e7o de e-mail: resumos5sialat2024@gmail.com at\u00e9 10 de abril de 2024. O encontro n\u00e3o se responsabilizar\u00e1 por trabalhos enviados para outro endere\u00e7o que n\u00e3o seja este, e nem fora do prazo estipulado;<br>\u2022 Os trabalhos completos (artigos) devem ser enviados em arquivo Word for Windows, com extens\u00e3o .doc ou .docx.<br>\u2022 No ato do envio do trabalho completo, favor colocar no \u201cAssunto\u201d do e-mail o n\u00famero e o nome do Grupo de Trabalho (GT) ao qual enviou seu resumo aprovado.<br>\u2022 N\u00e3o ser\u00e3o aceitos trabalhos que requeiram softwares n\u00e3o contidos no Microsoft Office para sua completa visualiza\u00e7\u00e3o.<br>\u2022 Somente ser\u00e3o aceitos trabalhos com reda\u00e7\u00e3o e ortografia adequadas, pois a vers\u00e3o enviada ir\u00e1 para os Anais, n\u00e3o podendo haver altera\u00e7\u00f5es posteriores.<br>\u2022 Ser\u00e3o aceitos trabalhos submetidos em portugu\u00eas, espanhol, ingl\u00eas e franc\u00eas.<br>\u2022 O nome do arquivo deve conter as orienta\u00e7\u00f5es do exemplo abaixo, considerando o GT no qual o trabalho foi aprovado, e sobrenome do primeiro autor: Ex: GT 01_FERREIRA<br>\u2022 A primeira folha do artigo deve conter:<br><br>\u2013 Cabe\u00e7alho com logo do evento (de acordo com&nbsp;<em>template<\/em>&nbsp;dispon\u00edvel&nbsp;<a href=\"https:\/\/sialat2024.com.br\/wp-content\/uploads\/2024\/03\/Template_Trabalho-completo.docx\" target=\"_blank\" rel=\"noreferrer noopener\">aqui<\/a>), mas apenas na primeira p\u00e1gina do artigo;<br>\u2013 Nome do GT, em caixa baixa, negrito, centralizado, fonte arial 12;<br>\u2013 T\u00edtulo do trabalho em caixa alta, centralizado, fonte arial 12;<br>\u2013 Nome do(s) autor(es), seguido de sigla da institui\u00e7\u00e3o (entre par\u00eantese, em caixa alta), alinhado \u00e0 direita, fonte arial 11;<br>\u2013 Inserir nota de rodap\u00e9 para cada autor, informando nome da institui\u00e7\u00e3o por extenso e e-mail (se desejar inseri-lo);<br>\u2013 Resumo do trabalho, com at\u00e9 250 palavras, fonte arial 11, em um \u00fanico par\u00e1grafo, no mesmo idioma do trabalho;<br>\u2013 Palavras-chave: n\u00famero m\u00e1ximo de 5;<br>\u2013 Ap\u00f3s estas informa\u00e7\u00f5es, iniciar o texto, na mesma folha.<\/p>\n\n\n\n<p>Demais regras<\/p>\n\n\n\n<p>\u2013 O trabalho deve conter de 10 a 20 folhas, j\u00e1 com a bibliografia e todo tipo de imagens, tabelas ou gr\u00e1ficos, e demais recursos utilizados. P\u00e1ginas que excedam ao n\u00famero m\u00e1ximo permitido ser\u00e3o automaticamente suprimidas.<br>\u2013 Tamanho do papel: A4;<br>\u2013 Margens: superior = 2.5 \/inferior = 2.5 \/ laterais = 2.5;<br>\u2013 As folhas devem ser numeradas;<br>\u2013 Fonte: arial 11, com par\u00e1grafo justificado;<br>\u2013 Espa\u00e7amento entre linhas de 1,5<br>\u2013 Deslocamento do par\u00e1grafo (recuo) 1,5cm;<br>\u2013 Notas de rodap\u00e9: Arial 9, par\u00e1grafo justificado;<br>\u2013 Tamanho m\u00e1ximo do arquivo: 3 MB<br>\u2013 Casos omissos sobre formata\u00e7\u00e3o, ver normas da ABNT.<\/p>\n\n\n\n<p>ORIENTA\u00c7\u00d5ES PARA O ENVIO DO E-MAIL:<\/p>\n\n\n\n<p>1- Identifique no \u201cAssunto\u2019 do e-mail a modalidade a que est\u00e1 submetendo o resumo, se \u201cComunica\u00e7\u00e3o Oral\u201d ou \u201cSess\u00e3o de Poster\u201d;<br>2- Atente-se para a forma como deve nomear o arquivo do resumo, indicado no template;<br>3 \u2013 O documento DEVE SER ENVIADO NO FORMATO Microsoft Word (doc ou docx).<\/p>\n\n\n\n<p>O resumo deve conter:<\/p>\n\n\n\n<p>\u2013 T\u00edtulo;<br>\u2013 Principais elementos te\u00f3ricos e metodol\u00f3gicos do trabalho;<br>\u2013 Em que consiste a an\u00e1lise, resultado de pesquisa ou debate principal.<br>\u2013 Palavras-chave<\/p>\n\n\n\n<p>As regras de formata\u00e7\u00e3o encontram-se no template do resumo.<\/p>\n\n\n\n<p>4 \u2013 No corpo do texto indique:<\/p>\n\n\n\n<p>\u2013 Nome do GT:<br>\u2013 Nome do Trabalho:<br>\u2013 Nome de cada autor(a), seguido de institui\u00e7\u00e3o (entre par\u00eanteses).<\/p>\n\n\n\n<p>Baixe&nbsp;<a href=\"https:\/\/sialat2024.com.br\/wp-content\/uploads\/2024\/01\/Template_COMUNICACAO-ORAL.docx\" target=\"_blank\" rel=\"noreferrer noopener\">aqui&nbsp;<\/a>o template para Comunica\u00e7\u00e3o Oral<\/p>\n\n\n\n<p><\/p>\n\n\n\n<p><strong>Cronograma de Submiss\u00e3o de Resumos, Trabalhos Completos e Resumo de P\u00f4ster<\/strong><\/p>\n\n\n\n<figure class=\"wp-block-table\"><table><tbody><tr><td><strong>Atividades<\/strong><\/td><td><strong>Datas<\/strong><\/td><\/tr><tr><td>Submiss\u00e3o de resumos para&nbsp;<strong>GT\u2019s<\/strong><\/td><td><strong>At\u00e9 05\/02\/2024<\/strong><\/td><\/tr><tr><td>Submiss\u00e3o de resumos para&nbsp;<strong>P\u00f4ster<\/strong><\/td><td><strong>At\u00e9 05\/02\/204<\/strong><\/td><\/tr><tr><td>Divulga\u00e7\u00e3o do resultado dos resumos aprovados para GTs<\/td><td>29\/02\/2024<\/td><\/tr><tr><td>Divulga\u00e7\u00e3o do resultado dos resumos aprovados para P\u00f4ster<\/td><td>29\/02\/2024<\/td><\/tr><tr><td>Divulga\u00e7\u00e3o da Programa\u00e7\u00e3o dos GT\u2019s e P\u00f4steres no site<\/td><td>01\/03\/2024<\/td><\/tr><tr><td>Prazo para envio do artigo completo<\/td><td>10\/04\/2024<\/td><\/tr><tr><td>Apresenta\u00e7\u00e3o de trabalhos nos GT\u2019s<\/td><td>24 \u00e0 26\/04\/2024<\/td><\/tr><\/tbody><\/table><\/figure>\n\n\n\n<p>GRUPOS DE TRABALHO<\/p>\n\n\n\n<p>O V SIALAT cont\u00e9m em sua programa\u00e7\u00e3o, a realiza\u00e7\u00e3o de 8 Grupos de Trabalho<br>tem\u00e1ticos como um espa\u00e7o de troca de experi\u00eancias, resultados de pesquisa e di\u00e1logo<br>entre pesquisadores de diferentes forma\u00e7\u00f5es, pa\u00edses, regi\u00f5es e institui\u00e7\u00f5es. Espa\u00e7o ainda<br>para reflex\u00e3o sobre metodologias, novas abordagens e procedimentos de pesquisa, e de<br>participa\u00e7\u00e3o no campo da a\u00e7\u00e3o coletiva.<br>O exerc\u00edcio da cr\u00edtica \u00e9 parte do conhecimento e uma das principais maneiras de avan\u00e7ar<br>no debate das ci\u00eancias sociais e no conhecimento de nossas sociedades<br>latinoamericanas e caribenhas atravessadas de multiculturalidade e de express\u00f5es<br>diversas de pensar e de construir utopias.<br><br><a href=\"https:\/\/sialat2024.com.br\/wp-content\/uploads\/2024\/02\/EMENTA-GT01.pdf\" target=\"_blank\" rel=\"noreferrer noopener\">GT 01 \u2013 Democracia e conjuntura pol\u00edtica na Am\u00e9rica Latina e Caribe<\/a>&nbsp;<br><a href=\"https:\/\/sialat2024.com.br\/wp-content\/uploads\/2024\/02\/EMENTA-GT02.pdf\" target=\"_blank\" rel=\"noreferrer noopener\">GT 02 \u2013 Desenvolvimento, desigualdade social e cidades latino-americano.<\/a>&nbsp;<br><a href=\"https:\/\/sialat2024.com.br\/wp-content\/uploads\/2024\/02\/EMENTA-GT03.pdf\" target=\"_blank\" rel=\"noreferrer noopener\">GT 03 \u2013 Pensamento social, utopias e epistemologias na Am\u00e9rica Latina e Caribe<\/a>&nbsp;<br><a href=\"https:\/\/sialat2024.com.br\/wp-content\/uploads\/2024\/02\/EMENTA-GT04.pdf\" target=\"_blank\" rel=\"noreferrer noopener\">GT 04 \u2013 Movimentos sociais e \u00e9tnico-territoriais e levantes na Am\u00e9rica Latina e Caribe<\/a>&nbsp;<br><a href=\"https:\/\/sialat2024.com.br\/wp-content\/uploads\/2024\/02\/EMENTA-GT05.pdf\" target=\"_blank\" rel=\"noreferrer noopener\">GT 05 \u2013 Modelo neoextrativista, mega-projetos e economia de commodities na Am\u00e9rica Latina e Caribe<\/a>&nbsp;<br><a href=\"https:\/\/sialat2024.com.br\/wp-content\/uploads\/2024\/02\/EMENTA-GT06.pdf\" target=\"_blank\" rel=\"noreferrer noopener\">GT 06 \u2013 Agriculturas familiares, cultura e ancestralidade, commons e o Bem Viver na Am\u00e9rica Latina e Caribe<\/a>&nbsp;<br><a href=\"https:\/\/sialat2024.com.br\/wp-content\/uploads\/2024\/03\/EMENTA-GT07-1.pdf\" target=\"_blank\" rel=\"noreferrer noopener\">GT 07 \u2013 Emerg\u00eancias clim\u00e1ticas, ecologia pol\u00edtica e desenvolvimento sustent\u00e1vel<\/a><br><a href=\"https:\/\/sialat2024.com.br\/wp-content\/uploads\/2024\/03\/EMENTA-GT08-1.pdf\" target=\"_blank\" rel=\"noreferrer noopener\">GT 08 \u2013 Racismos, colonialismos, patriarcado e di\u00e1sporas na hist\u00f3ria presente da Am\u00e9rica Latina e do Caribe<\/a><\/p>\n","protected":false},"excerpt":{"rendered":"<p>SUBMISS\u00c3O DE TRABALHOS Observa\u00e7\u00f5es gerais: O primeiro passo para a submiss\u00e3o de propostas aos Grupos de Trabalho do 5\u00ba SIALAT \u00e9 o envio de resumos. Nesta edi\u00e7\u00e3o o evento possui duas modalidades para a apresenta\u00e7\u00e3o de trabalhos: 1) Comunica\u00e7\u00e3o Oral&hellip; <\/p>\n","protected":false},"author":1,"featured_media":0,"parent":0,"menu_order":0,"comment_status":"closed","ping_status":"closed","template":"","meta":{"_acf_changed":false,"footnotes":""},"acf":[],"jetpack_sharing_enabled":true,"jetpack-related-posts":[],"_links":{"self":[{"href":"https:\/\/sialat2024.com.br\/index.php\/wp-json\/wp\/v2\/pages\/1392"}],"collection":[{"href":"https:\/\/sialat2024.com.br\/index.php\/wp-json\/wp\/v2\/pages"}],"about":[{"href":"https:\/\/sialat2024.com.br\/index.php\/wp-json\/wp\/v2\/types\/page"}],"author":[{"embeddable":true,"href":"https:\/\/sialat2024.com.br\/index.php\/wp-json\/wp\/v2\/users\/1"}],"replies":[{"embeddable":true,"href":"https:\/\/sialat2024.com.br\/index.php\/wp-json\/wp\/v2\/comments?post=1392"}],"version-history":[{"count":3,"href":"https:\/\/sialat2024.com.br\/index.php\/wp-json\/wp\/v2\/pages\/1392\/revisions"}],"predecessor-version":[{"id":1407,"href":"https:\/\/sialat2024.com.br\/index.php\/wp-json\/wp\/v2\/pages\/1392\/revisions\/1407"}],"wp:attachment":[{"href":"https:\/\/sialat2024.com.br\/index.php\/wp-json\/wp\/v2\/media?parent=1392"}],"curies":[{"name":"wp","href":"https:\/\/api.w.org\/{rel}","templated":true}]}}