{"id":1232,"date":"2024-03-25T12:02:05","date_gmt":"2024-03-25T15:02:05","guid":{"rendered":"https:\/\/sialat2024.com.br\/?page_id=1232"},"modified":"2024-04-23T11:12:32","modified_gmt":"2024-04-23T14:12:32","slug":"mini-cursos","status":"publish","type":"page","link":"https:\/\/sialat2024.com.br\/index.php\/mini-cursos\/","title":{"rendered":"Mini-Cursos"},"content":{"rendered":"\n<figure class=\"wp-block-table\"><table><tbody><tr><td><strong>Minicurso &#8211; MC 01<\/strong> <strong>&#8211; LETRAMENTO RACIAL NA AMAZ\u00d4NIA<\/strong> <br><strong>Data:<\/strong> 25 e 26 de abril de 2024<strong><br>Hor\u00e1rio:<\/strong> 08h30 \u00e0s 10h30<br><strong>Local<\/strong>: Audit\u00f3rio do NAEA.<br>Coordenadora: Jacqueline Tatiane da Silva Guimar\u00e3es E-mail: jacquetsg@gmail.com <br>Professora: Jacqueline Tatiane da Silva Guimar\u00e3es &#8211; Campus Universit\u00e1rio do Maraj\u00f3 (CUMB\/UFPA)<br><\/td><\/tr><tr><td><strong>Minicurso &#8211; MC 02 &#8211; G\u00caNERO, PODER E VIOL\u00caNCIA: FUNDAMENTOS DAS EPISTEMOLOGIAS FEMINISTAS <\/strong><br><strong>Data:<\/strong> 25 e 26 de abril de 2024<strong><br>Hor\u00e1rio:<\/strong> 10h30 \u00e0s 12h30<br><strong>Local<\/strong>: Audit\u00f3rio do NAEA.<br>Coordenadora e coordenador: MARIA LUZIA MIRANDA \u00c1LVARES &#8211; UFPA \/ NILSON ALMEIDA DE SOUSA FILHO &#8211; UFPA E-mail: luziamiranda@gmail.com \/ nilson.sousa.filho@gmail.com <br>Professora e Professor: MARIA LUZIA MIRANDA \u00c1LVARES &#8211; UFPA \/ NILSON ALMEIDA DE SOUSA FILHO &#8211; UFPA<br><\/td><\/tr><tr><td><strong>Minicurso &#8211; MC 03 &#8211; ROTEIROS GEO-TUR\u00cdSTICOS &#8211; FUNDAMENTOS TE\u00d3RICOS E METODOL\u00d3GICOS: COMO CONSTRUIR E IMPLEMENTAR? <\/strong><br><strong>Data:<\/strong> 25 e 26 de abril de 2024<strong><br>Hor\u00e1rio:<\/strong> 10h30 \u00e0s 12h30<br><strong>Local<\/strong>: Miniaudit\u00f3rio NAEA.<br>Coordenadoras e coordenador: Maria Goretti da Costa Tavares (UFPA) &#8211; Ana Paula Neves Lins (MPEG) &#8211; Jonathan Rodrigues Nunes (UNIVALI) &#8211; Magaly Caldas Barros (UFPA) E-mail: goretti@ufpa.br , anapneveslins@gmail.com , jonathanrodrigues0508@gmail.com , magalycaldasb@gmail.com <br>Professoras e professor: Ana Paula Neves Lins PPGDS\/MPEG , Jonathan Rodrigues Nunes PPGTH\/UNIVALI e Magaly Caldas Barros &#8211; PPGEO\/UFPA<\/td><\/tr><\/tbody><\/table><\/figure>\n","protected":false},"excerpt":{"rendered":"<p>Minicurso &#8211; MC 01 &#8211; LETRAMENTO RACIAL NA AMAZ\u00d4NIA Data: 25 e 26 de abril de 2024Hor\u00e1rio: 08h30 \u00e0s 10h30Local: Audit\u00f3rio do NAEA.Coordenadora: Jacqueline Tatiane da Silva Guimar\u00e3es E-mail: jacquetsg@gmail.com Professora: Jacqueline Tatiane da Silva Guimar\u00e3es &#8211; Campus Universit\u00e1rio do&hellip; <\/p>\n","protected":false},"author":1,"featured_media":0,"parent":0,"menu_order":0,"comment_status":"closed","ping_status":"closed","template":"","meta":{"_acf_changed":false,"footnotes":""},"acf":[],"jetpack_sharing_enabled":true,"jetpack-related-posts":[],"_links":{"self":[{"href":"https:\/\/sialat2024.com.br\/index.php\/wp-json\/wp\/v2\/pages\/1232"}],"collection":[{"href":"https:\/\/sialat2024.com.br\/index.php\/wp-json\/wp\/v2\/pages"}],"about":[{"href":"https:\/\/sialat2024.com.br\/index.php\/wp-json\/wp\/v2\/types\/page"}],"author":[{"embeddable":true,"href":"https:\/\/sialat2024.com.br\/index.php\/wp-json\/wp\/v2\/users\/1"}],"replies":[{"embeddable":true,"href":"https:\/\/sialat2024.com.br\/index.php\/wp-json\/wp\/v2\/comments?post=1232"}],"version-history":[{"count":8,"href":"https:\/\/sialat2024.com.br\/index.php\/wp-json\/wp\/v2\/pages\/1232\/revisions"}],"predecessor-version":[{"id":1595,"href":"https:\/\/sialat2024.com.br\/index.php\/wp-json\/wp\/v2\/pages\/1232\/revisions\/1595"}],"wp:attachment":[{"href":"https:\/\/sialat2024.com.br\/index.php\/wp-json\/wp\/v2\/media?parent=1232"}],"curies":[{"name":"wp","href":"https:\/\/api.w.org\/{rel}","templated":true}]}}