{"id":1228,"date":"2024-03-25T12:01:41","date_gmt":"2024-03-25T15:01:41","guid":{"rendered":"https:\/\/sialat2024.com.br\/?page_id=1228"},"modified":"2024-03-25T15:54:26","modified_gmt":"2024-03-25T18:54:26","slug":"oficinas","status":"publish","type":"page","link":"https:\/\/sialat2024.com.br\/index.php\/oficinas\/","title":{"rendered":"Oficinas"},"content":{"rendered":"\n<p><strong>OFICINA 02<br>T\u00edtulo: Metodologias de Planejamento Participativo e Gest\u00e3o Associada<\/strong><\/p>\n\n\n\n<p>Coordenadores: Hector Poggiese &#8211; Faculdade Latino Americana de Ci\u00eancias Sociais e Elis de Ara\u00fajo Miranda &#8211; Universidade Federal Fluminense E-mail: hpoggiese@psi.uba.ar; elismiranda@id.uff.br<br>Ministrantes: Hector Poggiese &#8211; Faculdade Latino Americana de Ci\u00eancias Sociais\/FLACSO e Elis Miranda &#8211; Universidade Federal Fluminense\/UFF<\/p>\n\n\n<div class=\"wp-block-image\">\n<figure class=\"alignleft size-full is-resized\"><img loading=\"lazy\" decoding=\"async\" width=\"900\" height=\"600\" src=\"https:\/\/sialat2024.com.br\/wp-content\/uploads\/2024\/03\/image.png\" alt=\"\" class=\"wp-image-1248\" style=\"width:256px;height:auto\" srcset=\"https:\/\/sialat2024.com.br\/wp-content\/uploads\/2024\/03\/image.png 900w, https:\/\/sialat2024.com.br\/wp-content\/uploads\/2024\/03\/image-300x200.png 300w, https:\/\/sialat2024.com.br\/wp-content\/uploads\/2024\/03\/image-768x512.png 768w, https:\/\/sialat2024.com.br\/wp-content\/uploads\/2024\/03\/image-306x205.png 306w\" sizes=\"(max-width: 900px) 100vw, 900px\" \/><\/figure><\/div>\n\n\n<p><strong>H\u00e9ctor Poggiese (FLACSO\/CLACSO\/Argentina) &#8211; <\/strong>possui gradua\u00e7\u00e3o em Direito pela Universidad de Buenos Aires e mestrado em Administra\u00e7\u00e3o P\u00fablica pela Funda\u00e7\u00e3o Get\u00falio Vargas (Rio de Janeiro). Atualmente \u00e9 professor titular da Facultad Latinoamericana de Ciencias Sociales(FLACSO\/Argentina). Possui v\u00e1rios trabalhos publicados, entre estes: Pol\u00edticas ambientales en el Cono Sur; Energizaci\u00f3n rural y participaci\u00f3n social.<\/p>\n\n\n\n<p><\/p>\n\n\n\n<p><strong>Elis de Ara\u00fajo Miranda (UFF\/RJ &#8211; Brasil)<\/strong>&#8211; Possui estrado em Desenvolvimento Sustent\u00e1vel do Tr\u00f3pico \u00damido pela UFPA, doutorado em Planejamento Urbano e Regional pela UFRJ. Realizou est\u00e1gio de p\u00f3s-doutoramento no N\u00facleo de Altos Estudos Amaz\u00f4nicos (NAEA\/UFPA) e \u00e9 professora da Universidade Federal Fluminense e colaboradora com a Gest\u00e3o Cultural da Universidade Estadual do Norte Fluminense Darcy Ribeiro. Coordena o Laborat\u00f3rio de Pesquisa em Cultura, Planejamento e Representa\u00e7\u00f5es Espaciais e tem pesquisas sobre Planejamento Urbano e Regional.<\/p>\n","protected":false},"excerpt":{"rendered":"<p>OFICINA 02T\u00edtulo: Metodologias de Planejamento Participativo e Gest\u00e3o Associada Coordenadores: Hector Poggiese &#8211; Faculdade Latino Americana de Ci\u00eancias Sociais e Elis de Ara\u00fajo Miranda &#8211; Universidade Federal Fluminense E-mail: hpoggiese@psi.uba.ar; elismiranda@id.uff.brMinistrantes: Hector Poggiese &#8211; Faculdade Latino Americana de Ci\u00eancias Sociais\/FLACSO&hellip; <\/p>\n","protected":false},"author":1,"featured_media":0,"parent":0,"menu_order":0,"comment_status":"closed","ping_status":"closed","template":"","meta":{"_acf_changed":false,"footnotes":""},"acf":[],"jetpack_sharing_enabled":true,"jetpack-related-posts":[],"_links":{"self":[{"href":"https:\/\/sialat2024.com.br\/index.php\/wp-json\/wp\/v2\/pages\/1228"}],"collection":[{"href":"https:\/\/sialat2024.com.br\/index.php\/wp-json\/wp\/v2\/pages"}],"about":[{"href":"https:\/\/sialat2024.com.br\/index.php\/wp-json\/wp\/v2\/types\/page"}],"author":[{"embeddable":true,"href":"https:\/\/sialat2024.com.br\/index.php\/wp-json\/wp\/v2\/users\/1"}],"replies":[{"embeddable":true,"href":"https:\/\/sialat2024.com.br\/index.php\/wp-json\/wp\/v2\/comments?post=1228"}],"version-history":[{"count":3,"href":"https:\/\/sialat2024.com.br\/index.php\/wp-json\/wp\/v2\/pages\/1228\/revisions"}],"predecessor-version":[{"id":1251,"href":"https:\/\/sialat2024.com.br\/index.php\/wp-json\/wp\/v2\/pages\/1228\/revisions\/1251"}],"wp:attachment":[{"href":"https:\/\/sialat2024.com.br\/index.php\/wp-json\/wp\/v2\/media?parent=1228"}],"curies":[{"name":"wp","href":"https:\/\/api.w.org\/{rel}","templated":true}]}}