{"id":1224,"date":"2024-03-25T12:01:11","date_gmt":"2024-03-25T15:01:11","guid":{"rendered":"https:\/\/sialat2024.com.br\/?page_id=1224"},"modified":"2024-04-24T15:25:04","modified_gmt":"2024-04-24T18:25:04","slug":"conferencia","status":"publish","type":"page","link":"https:\/\/sialat2024.com.br\/index.php\/conferencia\/","title":{"rendered":"Confer\u00eancia"},"content":{"rendered":"\n<p class=\"has-text-align-center has-medium-font-size\"><strong>Confer\u00eancia 01 &#8211; dia 24\/4\/2024 &#8211; 18h30<\/strong><\/p>\n\n\n\n<p class=\"has-text-align-center has-small-font-size\"><strong><br><\/strong>Local: Centro de Eventos Benedito Nunes &#8211; Campus da UFPA<br><strong>Di\u00e1sporas y decolonialidad en Am\u00e9rica Latina y Caribe<\/strong><br><strong><br><em>Agustin La\u00f3-Montes<\/em> &#8211; Professor de Massachusetts Amherst<\/strong><\/p>\n\n\n<div class=\"wp-block-image\">\n<figure class=\"aligncenter is-resized\"><img loading=\"lazy\" decoding=\"async\" width=\"433\" height=\"507\" src=\"https:\/\/sialat2024.com.br\/wp-content\/uploads\/2024\/03\/image-3.png\" alt=\"\" class=\"wp-image-1271\" style=\"width:177px;height:auto\" srcset=\"https:\/\/sialat2024.com.br\/wp-content\/uploads\/2024\/03\/image-3.png 433w, https:\/\/sialat2024.com.br\/wp-content\/uploads\/2024\/03\/image-3-256x300.png 256w\" sizes=\"(max-width: 433px) 100vw, 433px\" \/><\/figure><\/div>\n\n\n<p class=\"has-text-align-center has-medium-font-size\"><strong>Moderador<\/strong><\/p>\n\n\n\n<p class=\"has-text-align-center has-small-font-size\"><strong><em>Silvio Lima Figueiredo<\/em> &#8211; Professor do NAEA\/UFPA (Brasil)<\/strong><\/p>\n\n\n<div class=\"wp-block-image\">\n<figure class=\"aligncenter size-full is-resized\"><img loading=\"lazy\" decoding=\"async\" width=\"238\" height=\"298\" src=\"https:\/\/sialat2024.com.br\/wp-content\/uploads\/2024\/04\/Captura-de-Tela-2024-04-24-as-15.19.26.png\" alt=\"\" class=\"wp-image-1804\" style=\"width:203px;height:auto\"\/><\/figure><\/div>\n\n\n<hr class=\"wp-block-separator has-alpha-channel-opacity\"\/>\n\n\n\n<p class=\"has-text-align-center has-medium-font-size\"><strong>Confer\u00eancia 02 &#8211; dia 25\/4\/2024 &#8211; 18h30<\/strong><\/p>\n\n\n\n<p class=\"has-text-align-center has-small-font-size\"><strong><br><\/strong>Local: Audit\u00f3rio do NAEA &#8211; Campus da UFPA<br><strong>Filosofar desde el agua. Hacertopia a\u00f1uu para un otro mundo<\/strong><br><strong><em>Jos\u00e9 Angel Quintero Weir<\/em><\/strong> \u2013 Professor da Universidad Aut\u00f3noma Indigena de Zulia, membro do povo A\u00f1uu (Venezuela)<\/p>\n\n\n\n<p class=\"has-text-align-center has-medium-font-size\"><br><strong>Moderadora<\/strong><\/p>\n\n\n\n<p class=\"has-text-align-center\"><strong>Sirlei Silveira &#8211; Professora da UFMT (Brasil)<\/strong><\/p>\n\n\n<div class=\"wp-block-image\">\n<figure class=\"aligncenter size-full is-resized\"><img loading=\"lazy\" decoding=\"async\" width=\"720\" height=\"842\" src=\"https:\/\/sialat2024.com.br\/wp-content\/uploads\/2024\/04\/Captura-de-Tela-2024-04-24-as-15.22.12.png\" alt=\"\" class=\"wp-image-1805\" style=\"width:219px;height:auto\" srcset=\"https:\/\/sialat2024.com.br\/wp-content\/uploads\/2024\/04\/Captura-de-Tela-2024-04-24-as-15.22.12.png 720w, https:\/\/sialat2024.com.br\/wp-content\/uploads\/2024\/04\/Captura-de-Tela-2024-04-24-as-15.22.12-257x300.png 257w\" sizes=\"(max-width: 720px) 100vw, 720px\" \/><\/figure><\/div>","protected":false},"excerpt":{"rendered":"<p>Confer\u00eancia 01 &#8211; dia 24\/4\/2024 &#8211; 18h30 Local: Centro de Eventos Benedito Nunes &#8211; Campus da UFPADi\u00e1sporas y decolonialidad en Am\u00e9rica Latina y CaribeAgustin La\u00f3-Montes &#8211; Professor de Massachusetts Amherst Moderador Silvio Lima Figueiredo &#8211; Professor do NAEA\/UFPA (Brasil) Confer\u00eancia&hellip; <\/p>\n","protected":false},"author":1,"featured_media":0,"parent":0,"menu_order":0,"comment_status":"closed","ping_status":"closed","template":"","meta":{"_acf_changed":false,"footnotes":""},"acf":[],"jetpack_sharing_enabled":true,"jetpack-related-posts":[],"_links":{"self":[{"href":"https:\/\/sialat2024.com.br\/index.php\/wp-json\/wp\/v2\/pages\/1224"}],"collection":[{"href":"https:\/\/sialat2024.com.br\/index.php\/wp-json\/wp\/v2\/pages"}],"about":[{"href":"https:\/\/sialat2024.com.br\/index.php\/wp-json\/wp\/v2\/types\/page"}],"author":[{"embeddable":true,"href":"https:\/\/sialat2024.com.br\/index.php\/wp-json\/wp\/v2\/users\/1"}],"replies":[{"embeddable":true,"href":"https:\/\/sialat2024.com.br\/index.php\/wp-json\/wp\/v2\/comments?post=1224"}],"version-history":[{"count":5,"href":"https:\/\/sialat2024.com.br\/index.php\/wp-json\/wp\/v2\/pages\/1224\/revisions"}],"predecessor-version":[{"id":1807,"href":"https:\/\/sialat2024.com.br\/index.php\/wp-json\/wp\/v2\/pages\/1224\/revisions\/1807"}],"wp:attachment":[{"href":"https:\/\/sialat2024.com.br\/index.php\/wp-json\/wp\/v2\/media?parent=1224"}],"curies":[{"name":"wp","href":"https:\/\/api.w.org\/{rel}","templated":true}]}}