{"id":1222,"date":"2024-03-25T12:00:53","date_gmt":"2024-03-25T15:00:53","guid":{"rendered":"https:\/\/sialat2024.com.br\/?page_id=1222"},"modified":"2024-04-16T16:34:26","modified_gmt":"2024-04-16T19:34:26","slug":"sessao-de-abertura","status":"publish","type":"page","link":"https:\/\/sialat2024.com.br\/index.php\/sessao-de-abertura\/","title":{"rendered":"Sess\u00e3o de Abertura"},"content":{"rendered":"\n<p>Data: 24 de abril de 2024<br>Hor\u00e1rio: 09h<br>Local: Centro de Conven\u00e7\u00f5es Benedito Nunes (UFPA Campu Guam\u00e1)<\/p>\n\n\n\n<p>Magn\u00edgico Reitor da Universidade Federal do Par\u00e1, <strong>Prof. Dr. Emmanuel Zagury Tourinho<\/strong><br>Vice-presidente da ALAS e Presidente do XXXIV Congresso da ALAS, <strong>Prof. Dr. Jesus Diaz Segura<\/strong><br>Diretor Geral do Naea, <strong>Prof. Dr. Armin Mathis <\/strong><br>Diretora Geral do IFCH, <strong>Profa. Dra. Edila Moura<\/strong><br>Presidente da ALAS (2005-2007), <strong>Prof. Dr. Jos\u00e9 Vicente Tavares dos Santos<\/strong><br>Representante da Associa\u00e7\u00e3o Internacional de Sociologia &#8211; ISA,<strong> Profa. Dra. Ana Rivoir<\/strong> <br>Coordenadora do V SIALAT e Presidente da Sociedade Brasileira de Sociologia &#8211; SBS, <strong>Profa. Dra. Edna Castro<\/strong><\/p>\n\n\n\n<p><\/p>\n\n\n\n<p><\/p>\n\n\n\n<p><\/p>\n","protected":false},"excerpt":{"rendered":"<p>Data: 24 de abril de 2024Hor\u00e1rio: 09hLocal: Centro de Conven\u00e7\u00f5es Benedito Nunes (UFPA Campu Guam\u00e1) Magn\u00edgico Reitor da Universidade Federal do Par\u00e1, Prof. Dr. Emmanuel Zagury TourinhoVice-presidente da ALAS e Presidente do XXXIV Congresso da ALAS, Prof. Dr. Jesus Diaz&hellip; <\/p>\n","protected":false},"author":1,"featured_media":0,"parent":0,"menu_order":0,"comment_status":"closed","ping_status":"closed","template":"","meta":{"_acf_changed":false,"footnotes":""},"acf":[],"jetpack_sharing_enabled":true,"jetpack-related-posts":[],"_links":{"self":[{"href":"https:\/\/sialat2024.com.br\/index.php\/wp-json\/wp\/v2\/pages\/1222"}],"collection":[{"href":"https:\/\/sialat2024.com.br\/index.php\/wp-json\/wp\/v2\/pages"}],"about":[{"href":"https:\/\/sialat2024.com.br\/index.php\/wp-json\/wp\/v2\/types\/page"}],"author":[{"embeddable":true,"href":"https:\/\/sialat2024.com.br\/index.php\/wp-json\/wp\/v2\/users\/1"}],"replies":[{"embeddable":true,"href":"https:\/\/sialat2024.com.br\/index.php\/wp-json\/wp\/v2\/comments?post=1222"}],"version-history":[{"count":3,"href":"https:\/\/sialat2024.com.br\/index.php\/wp-json\/wp\/v2\/pages\/1222\/revisions"}],"predecessor-version":[{"id":1473,"href":"https:\/\/sialat2024.com.br\/index.php\/wp-json\/wp\/v2\/pages\/1222\/revisions\/1473"}],"wp:attachment":[{"href":"https:\/\/sialat2024.com.br\/index.php\/wp-json\/wp\/v2\/media?parent=1222"}],"curies":[{"name":"wp","href":"https:\/\/api.w.org\/{rel}","templated":true}]}}