{"id":1193,"date":"2024-03-15T09:33:15","date_gmt":"2024-03-15T12:33:15","guid":{"rendered":"https:\/\/sialat2024.com.br\/?page_id=1193"},"modified":"2025-01-16T13:15:51","modified_gmt":"2025-01-16T16:15:51","slug":"comunicacao-oral-gts","status":"publish","type":"page","link":"https:\/\/sialat2024.com.br\/index.php\/comunicacao-oral-gts\/","title":{"rendered":"Comunica\u00e7\u00e3o Oral (GTs)"},"content":{"rendered":"\n<p>Confira a seguir a Programa\u00e7\u00e3o Completa de todos os Grupos de Trabalho:<br><br><strong><a href=\"https:\/\/sialat2024.com.br\/wp-content\/uploads\/2024\/04\/GT01-PROGRAMACAO-Comunicacao-Oral-.pdf\" target=\"_blank\" rel=\"noreferrer noopener\">GT01 &#8211; PROGRAMA\u00c7\u00c3O Comunica\u00e7\u00e3o Oral<\/a>&nbsp;<\/strong><\/p>\n\n\n\n<p><strong><a href=\"https:\/\/sialat2024.com.br\/wp-content\/uploads\/2024\/04\/GT02-PROGRAMACAO-Comunicacao-Oral_.pdf\" target=\"_blank\" rel=\"noreferrer noopener\">GT02 &#8211; PROGRAMA\u00c7\u00c3O Comunica\u00e7\u00e3o Oral<\/a>&nbsp;<\/strong><\/p>\n\n\n\n<p><strong><a href=\"https:\/\/sialat2024.com.br\/wp-content\/uploads\/2024\/03\/GT03-PROGRAMACAO-Comunicacao-Oral-14-03-2024.pdf\" target=\"_blank\" rel=\"noreferrer noopener\">GT03 &#8211; PROGRAMA\u00c7\u00c3O Comunica\u00e7\u00e3o Oral<\/a>&nbsp;<\/strong><\/p>\n\n\n\n<p><strong><a href=\"https:\/\/sialat2024.com.br\/wp-content\/uploads\/2024\/04\/GT04-PROGRAMACAO-Comunicacao-Oral-.pdf\" target=\"_blank\" rel=\"noreferrer noopener\">GT04 &#8211; PROGRAMA\u00c7\u00c3O Comunica\u00e7\u00e3o Oral<\/a>&nbsp;<\/strong><\/p>\n\n\n\n<p><strong><a href=\"https:\/\/sialat2024.com.br\/wp-content\/uploads\/2024\/04\/GT05-PROGRAMACAO-Comunicacao-Oral-.pdf\" target=\"_blank\" rel=\"noreferrer noopener\">GT05 &#8211; PROGRAMA\u00c7\u00c3O Comunica\u00e7\u00e3o Oral<\/a>&nbsp;<\/strong><\/p>\n\n\n\n<p><strong><a href=\"https:\/\/sialat2024.com.br\/wp-content\/uploads\/2024\/04\/GT06-PROGRAMACAO-Comunicacao-Oral.pdf\" target=\"_blank\" rel=\"noreferrer noopener\">GT06 &#8211; PROGRAMA\u00c7\u00c3O Comunica\u00e7\u00e3o Oral<\/a>&nbsp;<\/strong><\/p>\n\n\n\n<p><strong><a href=\"https:\/\/sialat2024.com.br\/wp-content\/uploads\/2025\/01\/GT07-COMPLETO-1.pdf\" target=\"_blank\" rel=\"noreferrer noopener\">GT07 &#8211; PROGRAMA\u00c7\u00c3O Comunica\u00e7\u00e3o Oral<\/a>\u00a0<\/strong><\/p>\n\n\n\n<p><strong><a href=\"https:\/\/sialat2024.com.br\/wp-content\/uploads\/2024\/03\/GT08-PROGRAMACAO-Comunicacao-Oral-14-03-2024.pdf\">GT08 &#8211; PROGR<\/a><a href=\"https:\/\/sialat2024.com.br\/wp-content\/uploads\/2024\/03\/GT08-PROGRAMACAO-Comunicacao-Oral-14-03-2024.pdf\" target=\"_blank\" rel=\"noreferrer noopener\">A<\/a><a href=\"https:\/\/sialat2024.com.br\/wp-content\/uploads\/2024\/04\/GT08-PROGRAMACAO-Comunicacao-Oral.pdf\">MA\u00c7\u00c3O Comunica\u00e7\u00e3o Oral<\/a>&nbsp;<\/strong><\/p>\n","protected":false},"excerpt":{"rendered":"<p>Confira a seguir a Programa\u00e7\u00e3o Completa de todos os Grupos de Trabalho: GT01 &#8211; PROGRAMA\u00c7\u00c3O Comunica\u00e7\u00e3o Oral&nbsp; GT02 &#8211; PROGRAMA\u00c7\u00c3O Comunica\u00e7\u00e3o Oral&nbsp; GT03 &#8211; PROGRAMA\u00c7\u00c3O Comunica\u00e7\u00e3o Oral&nbsp; GT04 &#8211; PROGRAMA\u00c7\u00c3O Comunica\u00e7\u00e3o Oral&nbsp; GT05 &#8211; PROGRAMA\u00c7\u00c3O Comunica\u00e7\u00e3o Oral&nbsp; GT06 &#8211; PROGRAMA\u00c7\u00c3O&hellip; <\/p>\n","protected":false},"author":1,"featured_media":0,"parent":0,"menu_order":0,"comment_status":"closed","ping_status":"closed","template":"","meta":{"_acf_changed":false,"footnotes":""},"acf":[],"jetpack_sharing_enabled":true,"jetpack-related-posts":[],"_links":{"self":[{"href":"https:\/\/sialat2024.com.br\/index.php\/wp-json\/wp\/v2\/pages\/1193"}],"collection":[{"href":"https:\/\/sialat2024.com.br\/index.php\/wp-json\/wp\/v2\/pages"}],"about":[{"href":"https:\/\/sialat2024.com.br\/index.php\/wp-json\/wp\/v2\/types\/page"}],"author":[{"embeddable":true,"href":"https:\/\/sialat2024.com.br\/index.php\/wp-json\/wp\/v2\/users\/1"}],"replies":[{"embeddable":true,"href":"https:\/\/sialat2024.com.br\/index.php\/wp-json\/wp\/v2\/comments?post=1193"}],"version-history":[{"count":4,"href":"https:\/\/sialat2024.com.br\/index.php\/wp-json\/wp\/v2\/pages\/1193\/revisions"}],"predecessor-version":[{"id":1915,"href":"https:\/\/sialat2024.com.br\/index.php\/wp-json\/wp\/v2\/pages\/1193\/revisions\/1915"}],"wp:attachment":[{"href":"https:\/\/sialat2024.com.br\/index.php\/wp-json\/wp\/v2\/media?parent=1193"}],"curies":[{"name":"wp","href":"https:\/\/api.w.org\/{rel}","templated":true}]}}