{"id":1148,"date":"2024-03-01T19:55:09","date_gmt":"2024-03-01T22:55:09","guid":{"rendered":"https:\/\/sialat2024.com.br\/?page_id=1148"},"modified":"2024-03-08T13:11:37","modified_gmt":"2024-03-08T16:11:37","slug":"resultado-dos-trabalhos-aprovados","status":"publish","type":"page","link":"https:\/\/sialat2024.com.br\/index.php\/resultado-dos-trabalhos-aprovados\/","title":{"rendered":"Resultado dos Trabalhos Aprovados"},"content":{"rendered":"\n<p>\u00c9 com grande satisfa\u00e7\u00e3o que a coordena\u00e7\u00e3o do V SIALAT divulga os resultados aprovados dos GTs e P\u00f4steres:<br><br><strong>Comunica\u00e7\u00e3o Oral:<\/strong><br><strong><a href=\"https:\/\/sialat2024.com.br\/wp-content\/uploads\/2024\/03\/GT01-Trabalhos-aprovados.docx.pdf\" target=\"_blank\" rel=\"noreferrer noopener\">GT01 &#8211; Trabalhos aprovados<\/a><\/strong><br><strong><a href=\"https:\/\/sialat2024.com.br\/wp-content\/uploads\/2024\/03\/GT02-Trabalhos-aprovados.docx-1.pdf\" target=\"_blank\" rel=\"noreferrer noopener\">GT02 &#8211; Trabalhos aprovados<\/a><\/strong><br><strong><a href=\"https:\/\/sialat2024.com.br\/wp-content\/uploads\/2024\/03\/GT03-Trabalhos-aprovados1.docx.pdf\" target=\"_blank\" rel=\"noreferrer noopener\">GT03 &#8211; Trabalhos aprovados<\/a><\/strong><br><strong><a href=\"https:\/\/sialat2024.com.br\/wp-content\/uploads\/2024\/03\/GT04-Trabalhos-aprovados.docx-1.pdf\" target=\"_blank\" rel=\"noreferrer noopener\">GT04 &#8211; Trabalhos aprovados<\/a><\/strong><br><strong><a href=\"https:\/\/sialat2024.com.br\/wp-content\/uploads\/2024\/03\/GT05-Trabalhos-aprovados.docx.pdf\" target=\"_blank\" rel=\"noreferrer noopener\">GT05 &#8211; Trabalhos aprovados<\/a><\/strong><br><strong><a href=\"https:\/\/sialat2024.com.br\/wp-content\/uploads\/2024\/03\/GT06-Trabalhos-aprovados.docx.pdf\" target=\"_blank\" rel=\"noreferrer noopener\">GT06 &#8211; Trabalhos aprovados<\/a><\/strong><br><strong><a href=\"https:\/\/sialat2024.com.br\/wp-content\/uploads\/2024\/03\/GT07-Trabalhos-aprovados.docx-1.pdf\" target=\"_blank\" rel=\"noreferrer noopener\">GT07 &#8211; Trabalhos aprovados<\/a><br><a href=\"https:\/\/sialat2024.com.br\/wp-content\/uploads\/2024\/03\/GT08-Trabalhos-aprovados.docx-1.pdf\" target=\"_blank\" rel=\"noreferrer noopener\">GT08 &#8211; Trabalhos aprovados<\/a><\/strong><br><br><strong>\u2060P\u00f4steres:<\/strong><br><strong><a href=\"https:\/\/sialat2024.com.br\/wp-content\/uploads\/2024\/03\/Posteres_GT01-Trabalhos-aprovados.docx-1.pdf\" target=\"_blank\" rel=\"noreferrer noopener\">P\u00f4steres_GT01- Trabalhos aprovados<\/a><\/strong><br><strong><a href=\"https:\/\/sialat2024.com.br\/wp-content\/uploads\/2024\/03\/Posteres_GT02-Trabalhos-aprovados.docx.pdf\" target=\"_blank\" rel=\"noreferrer noopener\">P\u00f4steres_GT02- Trabalhos aprovados<\/a><\/strong><br><strong><a href=\"https:\/\/sialat2024.com.br\/wp-content\/uploads\/2024\/03\/Posteres_GT03-Trabalhos-aprovados.docx.pdf\" target=\"_blank\" rel=\"noreferrer noopener\">P\u00f4steres_GT03- Trabalhos aprovados<\/a><\/strong><br><strong><a href=\"https:\/\/sialat2024.com.br\/wp-content\/uploads\/2024\/03\/Posteres_GT04-Trabalhos-aprovados.docx.pdf\" target=\"_blank\" rel=\"noreferrer noopener\">P\u00f4steres_GT04- Trabalhos aprovados<\/a><\/strong><\/p>\n\n\n\n<p><br><br><br><br><\/p>\n","protected":false},"excerpt":{"rendered":"<p>\u00c9 com grande satisfa\u00e7\u00e3o que a coordena\u00e7\u00e3o do V SIALAT divulga os resultados aprovados dos GTs e P\u00f4steres: Comunica\u00e7\u00e3o Oral:GT01 &#8211; Trabalhos aprovadosGT02 &#8211; Trabalhos aprovadosGT03 &#8211; Trabalhos aprovadosGT04 &#8211; Trabalhos aprovadosGT05 &#8211; Trabalhos aprovadosGT06 &#8211; Trabalhos aprovadosGT07 &#8211; Trabalhos&hellip; <\/p>\n","protected":false},"author":1,"featured_media":0,"parent":0,"menu_order":0,"comment_status":"closed","ping_status":"closed","template":"","meta":{"_acf_changed":false,"footnotes":""},"acf":[],"jetpack_sharing_enabled":true,"jetpack-related-posts":[],"_links":{"self":[{"href":"https:\/\/sialat2024.com.br\/index.php\/wp-json\/wp\/v2\/pages\/1148"}],"collection":[{"href":"https:\/\/sialat2024.com.br\/index.php\/wp-json\/wp\/v2\/pages"}],"about":[{"href":"https:\/\/sialat2024.com.br\/index.php\/wp-json\/wp\/v2\/types\/page"}],"author":[{"embeddable":true,"href":"https:\/\/sialat2024.com.br\/index.php\/wp-json\/wp\/v2\/users\/1"}],"replies":[{"embeddable":true,"href":"https:\/\/sialat2024.com.br\/index.php\/wp-json\/wp\/v2\/comments?post=1148"}],"version-history":[{"count":5,"href":"https:\/\/sialat2024.com.br\/index.php\/wp-json\/wp\/v2\/pages\/1148\/revisions"}],"predecessor-version":[{"id":1182,"href":"https:\/\/sialat2024.com.br\/index.php\/wp-json\/wp\/v2\/pages\/1148\/revisions\/1182"}],"wp:attachment":[{"href":"https:\/\/sialat2024.com.br\/index.php\/wp-json\/wp\/v2\/media?parent=1148"}],"curies":[{"name":"wp","href":"https:\/\/api.w.org\/{rel}","templated":true}]}}